{"id":867,"date":"2025-12-11T09:46:40","date_gmt":"2025-12-11T09:46:40","guid":{"rendered":"http:\/\/attbing.cluster121.hosting.ovh.net\/?page_id=867"},"modified":"2026-02-16T13:37:28","modified_gmt":"2026-02-16T13:37:28","slug":"skyrail-2","status":"publish","type":"page","link":"https:\/\/dsmat.fr\/index.php\/allegement-plancher\/skyrail-2\/","title":{"rendered":"SKYRAIL"},"content":{"rendered":"\n<div style=\"height:30px\" aria-hidden=\"true\" class=\"wp-block-spacer\"><\/div>\n\n\n\n<div class=\"wp-block-group alignwide has-global-padding is-content-justification-center is-layout-constrained wp-block-group-is-layout-constrained\">\n<div class=\"wp-block-group is-content-justification-center is-layout-flex wp-container-core-group-is-layout-b02886af wp-block-group-is-layout-flex\"><h1 style=\"font-size:30px;\" class=\"has-text-align-center wp-block-post-title\">SKYRAIL<\/h1>\n\n\n<figure class=\"wp-block-image aligncenter size-full is-resized\"><img loading=\"lazy\" decoding=\"async\" width=\"933\" height=\"210\" src=\"http:\/\/attbing.cluster121.hosting.ovh.net\/wp-content\/uploads\/2025\/12\/GEO-2.png\" alt=\"\" class=\"wp-image-1096\" style=\"aspect-ratio:4.442882249560633;width:89px;height:auto\" srcset=\"https:\/\/dsmat.fr\/wp-content\/uploads\/2025\/12\/GEO-2.png 933w, https:\/\/dsmat.fr\/wp-content\/uploads\/2025\/12\/GEO-2-300x68.png 300w, https:\/\/dsmat.fr\/wp-content\/uploads\/2025\/12\/GEO-2-768x173.png 768w, https:\/\/dsmat.fr\/wp-content\/uploads\/2025\/12\/GEO-2-230x52.png 230w, https:\/\/dsmat.fr\/wp-content\/uploads\/2025\/12\/GEO-2-350x79.png 350w, https:\/\/dsmat.fr\/wp-content\/uploads\/2025\/12\/GEO-2-480x108.png 480w\" sizes=\"auto, (max-width: 933px) 100vw, 933px\" \/><\/figure>\n\n\n\n<div class=\"wp-block-buttons is-content-justification-center is-layout-flex wp-container-core-buttons-is-layout-b5994976 wp-block-buttons-is-layout-flex\">\n<div class=\"wp-block-button\"><a class=\"wp-block-button__link wp-element-button\" href=\"https:\/\/dsmat.fr\/wp-content\/uploads\/2026\/01\/Geoplast-Planchers-Catalogue-Francais-1.pdf\">t\u00e9l\u00e9charger le catalogue<\/a><\/div>\n<\/div>\n<\/div>\n<\/div>\n\n\n\n<div style=\"height:30px\" aria-hidden=\"true\" class=\"wp-block-spacer\"><\/div>\n\n\n\n<hr class=\"wp-block-separator has-text-color has-global-color-2-color has-alpha-channel-opacity has-global-color-2-background-color has-background\"\/>\n\n\n\n<div style=\"height:30px\" aria-hidden=\"true\" class=\"wp-block-spacer\"><\/div>\n\n\n\n<div class=\"wp-block-columns are-vertically-aligned-center is-layout-flex wp-container-core-columns-is-layout-28f84493 wp-block-columns-is-layout-flex\">\n<div class=\"wp-block-column is-vertically-aligned-center is-layout-flow wp-block-column-is-layout-flow\">\n<figure class=\"wp-block-image aligncenter size-full is-resized\"><img loading=\"lazy\" decoding=\"async\" width=\"600\" height=\"600\" src=\"http:\/\/attbing.cluster121.hosting.ovh.net\/wp-content\/uploads\/2025\/12\/Skyrail-3.png\" alt=\"skyrail ds mat\" class=\"wp-image-943\" style=\"width:174px;height:auto\" srcset=\"https:\/\/dsmat.fr\/wp-content\/uploads\/2025\/12\/Skyrail-3.png 600w, https:\/\/dsmat.fr\/wp-content\/uploads\/2025\/12\/Skyrail-3-300x300.png 300w, https:\/\/dsmat.fr\/wp-content\/uploads\/2025\/12\/Skyrail-3-150x150.png 150w, https:\/\/dsmat.fr\/wp-content\/uploads\/2025\/12\/Skyrail-3-230x230.png 230w, https:\/\/dsmat.fr\/wp-content\/uploads\/2025\/12\/Skyrail-3-350x350.png 350w, https:\/\/dsmat.fr\/wp-content\/uploads\/2025\/12\/Skyrail-3-480x480.png 480w\" sizes=\"auto, (max-width: 600px) 100vw, 600px\" \/><\/figure>\n<\/div>\n\n\n\n<div class=\"wp-block-column is-vertically-aligned-center is-layout-flow wp-block-column-is-layout-flow\">\n<figure class=\"wp-block-image size-full\"><img loading=\"lazy\" decoding=\"async\" width=\"1240\" height=\"500\" src=\"http:\/\/attbing.cluster121.hosting.ovh.net\/wp-content\/uploads\/2026\/01\/Skyrail-4.jpg\" alt=\"skyrail ds mat\" class=\"wp-image-1772\" srcset=\"https:\/\/dsmat.fr\/wp-content\/uploads\/2026\/01\/Skyrail-4.jpg 1240w, https:\/\/dsmat.fr\/wp-content\/uploads\/2026\/01\/Skyrail-4-300x121.jpg 300w, https:\/\/dsmat.fr\/wp-content\/uploads\/2026\/01\/Skyrail-4-1024x413.jpg 1024w, https:\/\/dsmat.fr\/wp-content\/uploads\/2026\/01\/Skyrail-4-768x310.jpg 768w, https:\/\/dsmat.fr\/wp-content\/uploads\/2026\/01\/Skyrail-4-1000x403.jpg 1000w, https:\/\/dsmat.fr\/wp-content\/uploads\/2026\/01\/Skyrail-4-230x93.jpg 230w, https:\/\/dsmat.fr\/wp-content\/uploads\/2026\/01\/Skyrail-4-350x141.jpg 350w, https:\/\/dsmat.fr\/wp-content\/uploads\/2026\/01\/Skyrail-4-480x194.jpg 480w\" sizes=\"auto, (max-width: 1240px) 100vw, 1240px\" \/><\/figure>\n<\/div>\n<\/div>\n\n\n\n<div style=\"height:25px\" aria-hidden=\"true\" class=\"wp-block-spacer\"><\/div>\n\n\n\n<p><strong>SKYRAIL<\/strong> est un coffrage en plastique ABS <em>r\u00e9utilisable<\/em> con\u00e7u pour l\u2019all\u00e9gement des planchers unidirectionnels en b\u00e9ton arm\u00e9 coul\u00e9s en place. Il permet de remplacer les \u00e9l\u00e9ments d\u2019all\u00e9gement traditionnels (tels que briques ou blocs) en cr\u00e9ant des espaces vides continus entre les nervures de b\u00e9ton, <em>sans mat\u00e9riau interm\u00e9diaire<\/em>. <a href=\"https:\/\/www.geoplastglobal.com\/en\/products\/slabs\/skyrail\/?utm_source=chatgpt.com\">geoplastglobal.com+1<\/a><\/p>\n\n\n\n<p>Le syst\u00e8me SKYRAIL s\u2019installe simplement sur chantier avec ses \u00e9l\u00e9ments modulaires et accessoires (espaces, closures, mini\u00e9l\u00e9ments), facilitant la mise en \u0153uvre, l\u2019alignement et la manutention. Il est r\u00e9utilisable plus de 100 fois, ce qui optimise la logistique et r\u00e9duit les co\u00fbts par rapport aux solutions traditionnelles. <a href=\"https:\/\/www.geoplastglobal.com\/fr\/produits\/planchers\/skyrail\/donnees\/?utm_source=chatgpt.com\">geoplastglobal.com<\/a><\/p>\n\n\n\n<p>La zone vide cr\u00e9\u00e9e entre les poutres peut \u00e9galement \u00eatre utilis\u00e9e comme <em>compartiment technique<\/em> pour les installations \u00e9lectriques, hydrauliques ou autres gaines. <a href=\"https:\/\/www.geoplastglobal.com\/en\/products\/slabs\/skyrail\/?utm_source=chatgpt.com\">geoplastglobal.com<\/a><\/p>\n\n\n\n<p>Cette solution permet de r\u00e9aliser des planchers plus l\u00e9gers, de r\u00e9duire la quantit\u00e9 de b\u00e9ton et d\u2019acier utilis\u00e9e et d\u2019am\u00e9liorer la performance structurelle globale. <a href=\"https:\/\/www.geoplastglobal.com\/fr\/produits\/planchers\/skyrail\/?utm_source=chatgpt.com\">geoplastglobal.com<\/a><\/p>\n\n\n\n<p><strong>LES AVANTAGES :<\/strong><br>&nbsp;Moins de b\u00e9ton<br>&nbsp;Moins d\u2019acier<br>&nbsp;Diminution du poids propre de la dalle<br>&nbsp;R\u00e9duction des charges sur les fondations<br>&nbsp;Possibilit\u00e9 de compartiment technique int\u00e9gr\u00e9<br>&nbsp;R\u00e9utilisable (jusqu\u2019\u00e0 +100 coulage)<br>&nbsp;Logistique optimis\u00e9e et montage rapide<\/p>\n\n\n\n<div style=\"height:25px\" aria-hidden=\"true\" class=\"wp-block-spacer\"><\/div>\n\n\n\n<div class=\"wp-block-columns are-vertically-aligned-center is-layout-flex wp-container-core-columns-is-layout-28f84493 wp-block-columns-is-layout-flex\">\n<div class=\"wp-block-column is-vertically-aligned-center is-layout-flow wp-block-column-is-layout-flow\">\n<figure class=\"wp-block-image size-full\"><img loading=\"lazy\" decoding=\"async\" width=\"1240\" height=\"824\" src=\"http:\/\/attbing.cluster121.hosting.ovh.net\/wp-content\/uploads\/2026\/01\/Skyrail-1.jpg\" alt=\"skyrail ds mat\" class=\"wp-image-1775\" srcset=\"https:\/\/dsmat.fr\/wp-content\/uploads\/2026\/01\/Skyrail-1.jpg 1240w, https:\/\/dsmat.fr\/wp-content\/uploads\/2026\/01\/Skyrail-1-300x199.jpg 300w, https:\/\/dsmat.fr\/wp-content\/uploads\/2026\/01\/Skyrail-1-1024x680.jpg 1024w, https:\/\/dsmat.fr\/wp-content\/uploads\/2026\/01\/Skyrail-1-768x510.jpg 768w, https:\/\/dsmat.fr\/wp-content\/uploads\/2026\/01\/Skyrail-1-1000x665.jpg 1000w, https:\/\/dsmat.fr\/wp-content\/uploads\/2026\/01\/Skyrail-1-230x153.jpg 230w, https:\/\/dsmat.fr\/wp-content\/uploads\/2026\/01\/Skyrail-1-350x233.jpg 350w, https:\/\/dsmat.fr\/wp-content\/uploads\/2026\/01\/Skyrail-1-480x319.jpg 480w\" sizes=\"auto, (max-width: 1240px) 100vw, 1240px\" \/><\/figure>\n<\/div>\n\n\n\n<div class=\"wp-block-column is-vertically-aligned-center is-layout-flow wp-block-column-is-layout-flow\">\n<figure class=\"wp-block-image size-full\"><img loading=\"lazy\" decoding=\"async\" width=\"1240\" height=\"824\" src=\"http:\/\/attbing.cluster121.hosting.ovh.net\/wp-content\/uploads\/2026\/01\/Skyrail-2.jpg\" alt=\"skyrail ds mat\" class=\"wp-image-1776\" srcset=\"https:\/\/dsmat.fr\/wp-content\/uploads\/2026\/01\/Skyrail-2.jpg 1240w, https:\/\/dsmat.fr\/wp-content\/uploads\/2026\/01\/Skyrail-2-300x199.jpg 300w, https:\/\/dsmat.fr\/wp-content\/uploads\/2026\/01\/Skyrail-2-1024x680.jpg 1024w, https:\/\/dsmat.fr\/wp-content\/uploads\/2026\/01\/Skyrail-2-768x510.jpg 768w, https:\/\/dsmat.fr\/wp-content\/uploads\/2026\/01\/Skyrail-2-1000x665.jpg 1000w, https:\/\/dsmat.fr\/wp-content\/uploads\/2026\/01\/Skyrail-2-230x153.jpg 230w, https:\/\/dsmat.fr\/wp-content\/uploads\/2026\/01\/Skyrail-2-350x233.jpg 350w, https:\/\/dsmat.fr\/wp-content\/uploads\/2026\/01\/Skyrail-2-480x319.jpg 480w\" sizes=\"auto, (max-width: 1240px) 100vw, 1240px\" \/><\/figure>\n<\/div>\n<\/div>\n","protected":false},"excerpt":{"rendered":"<p>SKYRAIL est un coffrage en plastique ABS r\u00e9utilisable con\u00e7u pour l\u2019all\u00e9gement des planchers unidirectionnels en b\u00e9ton arm\u00e9 coul\u00e9s en place. Il permet de remplacer les [&hellip;]<\/p>\n","protected":false},"author":1,"featured_media":0,"parent":10,"menu_order":4,"comment_status":"closed","ping_status":"closed","template":"page-templates\/page_fullwidth.php","meta":{"footnotes":""},"class_list":["post-867","page","type-page","status-publish","hentry"],"_links":{"self":[{"href":"https:\/\/dsmat.fr\/index.php\/wp-json\/wp\/v2\/pages\/867","targetHints":{"allow":["GET"]}}],"collection":[{"href":"https:\/\/dsmat.fr\/index.php\/wp-json\/wp\/v2\/pages"}],"about":[{"href":"https:\/\/dsmat.fr\/index.php\/wp-json\/wp\/v2\/types\/page"}],"author":[{"embeddable":true,"href":"https:\/\/dsmat.fr\/index.php\/wp-json\/wp\/v2\/users\/1"}],"replies":[{"embeddable":true,"href":"https:\/\/dsmat.fr\/index.php\/wp-json\/wp\/v2\/comments?post=867"}],"version-history":[{"count":13,"href":"https:\/\/dsmat.fr\/index.php\/wp-json\/wp\/v2\/pages\/867\/revisions"}],"predecessor-version":[{"id":2314,"href":"https:\/\/dsmat.fr\/index.php\/wp-json\/wp\/v2\/pages\/867\/revisions\/2314"}],"up":[{"embeddable":true,"href":"https:\/\/dsmat.fr\/index.php\/wp-json\/wp\/v2\/pages\/10"}],"wp:attachment":[{"href":"https:\/\/dsmat.fr\/index.php\/wp-json\/wp\/v2\/media?parent=867"}],"curies":[{"name":"wp","href":"https:\/\/api.w.org\/{rel}","templated":true}]}}