{"id":865,"date":"2025-12-11T09:46:19","date_gmt":"2025-12-11T09:46:19","guid":{"rendered":"http:\/\/attbing.cluster121.hosting.ovh.net\/?page_id=865"},"modified":"2026-02-16T13:37:48","modified_gmt":"2026-02-16T13:37:48","slug":"airplast-2","status":"publish","type":"page","link":"https:\/\/dsmat.fr\/index.php\/allegement-plancher\/airplast-2\/","title":{"rendered":"AIRPLAST"},"content":{"rendered":"\n<div style=\"height:30px\" aria-hidden=\"true\" class=\"wp-block-spacer\"><\/div>\n\n\n\n<div class=\"wp-block-group alignwide has-global-padding is-content-justification-center is-layout-constrained wp-block-group-is-layout-constrained\">\n<div class=\"wp-block-group is-content-justification-center is-layout-flex wp-container-core-group-is-layout-b02886af wp-block-group-is-layout-flex\"><h1 style=\"font-size:50px;\" class=\"has-text-align-center wp-block-post-title\">AIRPLAST<\/h1>\n\n\n<figure class=\"wp-block-image aligncenter size-full is-resized\"><img loading=\"lazy\" decoding=\"async\" width=\"933\" height=\"210\" src=\"http:\/\/attbing.cluster121.hosting.ovh.net\/wp-content\/uploads\/2025\/12\/GEO-2.png\" alt=\"\" class=\"wp-image-1096\" style=\"aspect-ratio:4.442882249560633;width:89px;height:auto\" srcset=\"https:\/\/dsmat.fr\/wp-content\/uploads\/2025\/12\/GEO-2.png 933w, https:\/\/dsmat.fr\/wp-content\/uploads\/2025\/12\/GEO-2-300x68.png 300w, https:\/\/dsmat.fr\/wp-content\/uploads\/2025\/12\/GEO-2-768x173.png 768w, https:\/\/dsmat.fr\/wp-content\/uploads\/2025\/12\/GEO-2-230x52.png 230w, https:\/\/dsmat.fr\/wp-content\/uploads\/2025\/12\/GEO-2-350x79.png 350w, https:\/\/dsmat.fr\/wp-content\/uploads\/2025\/12\/GEO-2-480x108.png 480w\" sizes=\"auto, (max-width: 933px) 100vw, 933px\" \/><\/figure>\n\n\n\n<div class=\"wp-block-buttons is-content-justification-center is-layout-flex wp-container-core-buttons-is-layout-b5994976 wp-block-buttons-is-layout-flex\">\n<div class=\"wp-block-button\"><a class=\"wp-block-button__link wp-element-button\" href=\"https:\/\/dsmat.fr\/wp-content\/uploads\/2026\/01\/Geoplast-Planchers-Catalogue-Francais-1.pdf\">t\u00e9l\u00e9charger le catalogue<\/a><\/div>\n<\/div>\n<\/div>\n<\/div>\n\n\n\n<div style=\"height:30px\" aria-hidden=\"true\" class=\"wp-block-spacer\"><\/div>\n\n\n\n<hr class=\"wp-block-separator has-text-color has-global-color-2-color has-alpha-channel-opacity has-global-color-2-background-color has-background\"\/>\n\n\n\n<div style=\"height:30px\" aria-hidden=\"true\" class=\"wp-block-spacer\"><\/div>\n\n\n\n<div class=\"wp-block-columns are-vertically-aligned-center is-layout-flex wp-container-core-columns-is-layout-28f84493 wp-block-columns-is-layout-flex\">\n<div class=\"wp-block-column is-vertically-aligned-center is-layout-flow wp-block-column-is-layout-flow\">\n<figure class=\"wp-block-image aligncenter size-full is-resized\"><img loading=\"lazy\" decoding=\"async\" width=\"600\" height=\"600\" src=\"http:\/\/attbing.cluster121.hosting.ovh.net\/wp-content\/uploads\/2025\/12\/Airplast-4.png\" alt=\"airplast ds mat \" class=\"wp-image-942\" style=\"width:227px;height:auto\" srcset=\"https:\/\/dsmat.fr\/wp-content\/uploads\/2025\/12\/Airplast-4.png 600w, https:\/\/dsmat.fr\/wp-content\/uploads\/2025\/12\/Airplast-4-300x300.png 300w, https:\/\/dsmat.fr\/wp-content\/uploads\/2025\/12\/Airplast-4-150x150.png 150w, https:\/\/dsmat.fr\/wp-content\/uploads\/2025\/12\/Airplast-4-230x230.png 230w, https:\/\/dsmat.fr\/wp-content\/uploads\/2025\/12\/Airplast-4-350x350.png 350w, https:\/\/dsmat.fr\/wp-content\/uploads\/2025\/12\/Airplast-4-480x480.png 480w\" sizes=\"auto, (max-width: 600px) 100vw, 600px\" \/><\/figure>\n<\/div>\n\n\n\n<div class=\"wp-block-column is-vertically-aligned-center is-layout-flow wp-block-column-is-layout-flow\">\n<figure class=\"wp-block-image aligncenter size-full\"><img loading=\"lazy\" decoding=\"async\" width=\"1240\" height=\"500\" src=\"http:\/\/attbing.cluster121.hosting.ovh.net\/wp-content\/uploads\/2026\/01\/Airplast-1.jpg\" alt=\"airplast ds mat \" class=\"wp-image-1764\" srcset=\"https:\/\/dsmat.fr\/wp-content\/uploads\/2026\/01\/Airplast-1.jpg 1240w, https:\/\/dsmat.fr\/wp-content\/uploads\/2026\/01\/Airplast-1-300x121.jpg 300w, https:\/\/dsmat.fr\/wp-content\/uploads\/2026\/01\/Airplast-1-1024x413.jpg 1024w, https:\/\/dsmat.fr\/wp-content\/uploads\/2026\/01\/Airplast-1-768x310.jpg 768w, https:\/\/dsmat.fr\/wp-content\/uploads\/2026\/01\/Airplast-1-1000x403.jpg 1000w, https:\/\/dsmat.fr\/wp-content\/uploads\/2026\/01\/Airplast-1-230x93.jpg 230w, https:\/\/dsmat.fr\/wp-content\/uploads\/2026\/01\/Airplast-1-350x141.jpg 350w, https:\/\/dsmat.fr\/wp-content\/uploads\/2026\/01\/Airplast-1-480x194.jpg 480w\" sizes=\"auto, (max-width: 1240px) 100vw, 1240px\" \/><\/figure>\n<\/div>\n<\/div>\n\n\n\n<div style=\"height:15px\" aria-hidden=\"true\" class=\"wp-block-spacer\"><\/div>\n\n\n\n<p><strong>AIRPLAST<\/strong> est un coffrage modulaire en polypropyl\u00e8ne recycl\u00e9 (PP) con\u00e7u pour l\u2019all\u00e9gement des dalles <em>unidirectionnelles<\/em> et pr\u00e9dalles, utilis\u00e9 comme alternative au polystyr\u00e8ne dans la construction de planchers l\u00e9gers coul\u00e9s en place.<\/p>\n\n\n\n<p>Le syst\u00e8me AIRPLAST s\u2019installe directement sur le b\u00e9ton encore frais gr\u00e2ce \u00e0 ses pieds d\u2019ancrage et \u00e0 son syst\u00e8me d\u2019alignement, permettant d\u2019obtenir des dalles all\u00e9g\u00e9es pr\u00e9cises et r\u00e9guli\u00e8res tout en facilitant la mise en \u0153uvre et la manutention sur chantier.<\/p>\n\n\n\n<p>Cette solution de coffrage permet de r\u00e9duire la quantit\u00e9 de b\u00e9ton et d\u2019acier utilis\u00e9e dans la dalle, d\u2019all\u00e9ger le poids propre de la structure et d\u2019optimiser l\u2019organisation du chantier.<\/p>\n\n\n\n<p><strong>LES AVANTAGES :<\/strong><\/p>\n\n\n\n<ul class=\"wp-block-list\">\n<li>R\u00e9duction de la consommation de b\u00e9ton<\/li>\n\n\n\n<li>R\u00e9duction de la quantit\u00e9 d\u2019acier<\/li>\n\n\n\n<li>Diminution du poids propre des dalles<\/li>\n\n\n\n<li>Chantier plus propre et logistique optimis\u00e9e<\/li>\n\n\n\n<li>R\u00e9sistance m\u00e9canique adapt\u00e9e \u00e0 la production et au coulage<\/li>\n<\/ul>\n\n\n\n<div style=\"height:25px\" aria-hidden=\"true\" class=\"wp-block-spacer\"><\/div>\n\n\n\n<div class=\"wp-block-columns is-layout-flex wp-container-core-columns-is-layout-28f84493 wp-block-columns-is-layout-flex\">\n<div class=\"wp-block-column is-layout-flow wp-block-column-is-layout-flow\">\n<figure class=\"wp-block-image size-full\"><img loading=\"lazy\" decoding=\"async\" width=\"1240\" height=\"829\" src=\"http:\/\/attbing.cluster121.hosting.ovh.net\/wp-content\/uploads\/2026\/01\/Airplast-2.jpg\" alt=\"airplast ds mat \" class=\"wp-image-1768\" srcset=\"https:\/\/dsmat.fr\/wp-content\/uploads\/2026\/01\/Airplast-2.jpg 1240w, https:\/\/dsmat.fr\/wp-content\/uploads\/2026\/01\/Airplast-2-300x201.jpg 300w, https:\/\/dsmat.fr\/wp-content\/uploads\/2026\/01\/Airplast-2-1024x685.jpg 1024w, https:\/\/dsmat.fr\/wp-content\/uploads\/2026\/01\/Airplast-2-768x513.jpg 768w, https:\/\/dsmat.fr\/wp-content\/uploads\/2026\/01\/Airplast-2-1000x669.jpg 1000w, https:\/\/dsmat.fr\/wp-content\/uploads\/2026\/01\/Airplast-2-230x154.jpg 230w, https:\/\/dsmat.fr\/wp-content\/uploads\/2026\/01\/Airplast-2-350x234.jpg 350w, https:\/\/dsmat.fr\/wp-content\/uploads\/2026\/01\/Airplast-2-480x321.jpg 480w\" sizes=\"auto, (max-width: 1240px) 100vw, 1240px\" \/><\/figure>\n<\/div>\n\n\n\n<div class=\"wp-block-column is-layout-flow wp-block-column-is-layout-flow\">\n<figure class=\"wp-block-image size-full\"><img loading=\"lazy\" decoding=\"async\" width=\"1240\" height=\"829\" src=\"http:\/\/attbing.cluster121.hosting.ovh.net\/wp-content\/uploads\/2026\/01\/Airplast-3.jpg\" alt=\"airplast ds mat \" class=\"wp-image-1769\" srcset=\"https:\/\/dsmat.fr\/wp-content\/uploads\/2026\/01\/Airplast-3.jpg 1240w, https:\/\/dsmat.fr\/wp-content\/uploads\/2026\/01\/Airplast-3-300x201.jpg 300w, https:\/\/dsmat.fr\/wp-content\/uploads\/2026\/01\/Airplast-3-1024x685.jpg 1024w, https:\/\/dsmat.fr\/wp-content\/uploads\/2026\/01\/Airplast-3-768x513.jpg 768w, https:\/\/dsmat.fr\/wp-content\/uploads\/2026\/01\/Airplast-3-1000x669.jpg 1000w, https:\/\/dsmat.fr\/wp-content\/uploads\/2026\/01\/Airplast-3-230x154.jpg 230w, https:\/\/dsmat.fr\/wp-content\/uploads\/2026\/01\/Airplast-3-350x234.jpg 350w, https:\/\/dsmat.fr\/wp-content\/uploads\/2026\/01\/Airplast-3-480x321.jpg 480w\" sizes=\"auto, (max-width: 1240px) 100vw, 1240px\" \/><\/figure>\n<\/div>\n<\/div>\n\n\n\n<p><\/p>\n","protected":false},"excerpt":{"rendered":"<p>AIRPLAST est un coffrage modulaire en polypropyl\u00e8ne recycl\u00e9 (PP) con\u00e7u pour l\u2019all\u00e9gement des dalles unidirectionnelles et pr\u00e9dalles, utilis\u00e9 comme alternative au polystyr\u00e8ne dans la construction [&hellip;]<\/p>\n","protected":false},"author":1,"featured_media":0,"parent":10,"menu_order":3,"comment_status":"closed","ping_status":"closed","template":"page-templates\/page_fullwidth.php","meta":{"footnotes":""},"class_list":["post-865","page","type-page","status-publish","hentry"],"_links":{"self":[{"href":"https:\/\/dsmat.fr\/index.php\/wp-json\/wp\/v2\/pages\/865","targetHints":{"allow":["GET"]}}],"collection":[{"href":"https:\/\/dsmat.fr\/index.php\/wp-json\/wp\/v2\/pages"}],"about":[{"href":"https:\/\/dsmat.fr\/index.php\/wp-json\/wp\/v2\/types\/page"}],"author":[{"embeddable":true,"href":"https:\/\/dsmat.fr\/index.php\/wp-json\/wp\/v2\/users\/1"}],"replies":[{"embeddable":true,"href":"https:\/\/dsmat.fr\/index.php\/wp-json\/wp\/v2\/comments?post=865"}],"version-history":[{"count":13,"href":"https:\/\/dsmat.fr\/index.php\/wp-json\/wp\/v2\/pages\/865\/revisions"}],"predecessor-version":[{"id":2315,"href":"https:\/\/dsmat.fr\/index.php\/wp-json\/wp\/v2\/pages\/865\/revisions\/2315"}],"up":[{"embeddable":true,"href":"https:\/\/dsmat.fr\/index.php\/wp-json\/wp\/v2\/pages\/10"}],"wp:attachment":[{"href":"https:\/\/dsmat.fr\/index.php\/wp-json\/wp\/v2\/media?parent=865"}],"curies":[{"name":"wp","href":"https:\/\/api.w.org\/{rel}","templated":true}]}}