{"id":863,"date":"2025-12-11T09:45:55","date_gmt":"2025-12-11T09:45:55","guid":{"rendered":"http:\/\/attbing.cluster121.hosting.ovh.net\/?page_id=863"},"modified":"2026-03-30T11:47:33","modified_gmt":"2026-03-30T11:47:33","slug":"skydome-2","status":"publish","type":"page","link":"https:\/\/dsmat.fr\/index.php\/allegement-plancher\/skydome-2\/","title":{"rendered":"SKYDOME"},"content":{"rendered":"\n<div style=\"height:30px\" aria-hidden=\"true\" class=\"wp-block-spacer\"><\/div>\n\n\n\n<div class=\"wp-block-group alignwide has-global-padding is-content-justification-center is-layout-constrained wp-block-group-is-layout-constrained\">\n<div class=\"wp-block-group is-content-justification-center is-layout-flex wp-container-core-group-is-layout-b02886af wp-block-group-is-layout-flex\"><h1 style=\"font-size:30px;\" class=\"has-text-align-center wp-block-post-title\">SKYDOME<\/h1>\n\n\n<figure class=\"wp-block-image aligncenter size-full is-resized\"><img loading=\"lazy\" decoding=\"async\" width=\"933\" height=\"210\" src=\"http:\/\/attbing.cluster121.hosting.ovh.net\/wp-content\/uploads\/2025\/12\/GEO-2.png\" alt=\"\" class=\"wp-image-1096\" style=\"aspect-ratio:4.442882249560633;width:89px;height:auto\" srcset=\"https:\/\/dsmat.fr\/wp-content\/uploads\/2025\/12\/GEO-2.png 933w, https:\/\/dsmat.fr\/wp-content\/uploads\/2025\/12\/GEO-2-300x68.png 300w, https:\/\/dsmat.fr\/wp-content\/uploads\/2025\/12\/GEO-2-768x173.png 768w, https:\/\/dsmat.fr\/wp-content\/uploads\/2025\/12\/GEO-2-230x52.png 230w, https:\/\/dsmat.fr\/wp-content\/uploads\/2025\/12\/GEO-2-350x79.png 350w, https:\/\/dsmat.fr\/wp-content\/uploads\/2025\/12\/GEO-2-480x108.png 480w\" sizes=\"auto, (max-width: 933px) 100vw, 933px\" \/><\/figure>\n\n\n\n<div class=\"wp-block-buttons is-content-justification-center is-layout-flex wp-container-core-buttons-is-layout-b5994976 wp-block-buttons-is-layout-flex\">\n<div class=\"wp-block-button\"><a class=\"wp-block-button__link wp-element-button\" href=\"https:\/\/dsmat.fr\/wp-content\/uploads\/2026\/01\/Geoplast-Planchers-Catalogue-Francais-1.pdf\">t\u00e9l\u00e9charger le catalogue<\/a><\/div>\n<\/div>\n<\/div>\n<\/div>\n\n\n\n<div style=\"height:30px\" aria-hidden=\"true\" class=\"wp-block-spacer\"><\/div>\n\n\n\n<hr class=\"wp-block-separator has-text-color has-global-color-2-color has-alpha-channel-opacity has-global-color-2-background-color has-background\"\/>\n\n\n\n<div style=\"height:30px\" aria-hidden=\"true\" class=\"wp-block-spacer\"><\/div>\n\n\n\n<div class=\"wp-block-columns are-vertically-aligned-center is-layout-flex wp-container-core-columns-is-layout-28f84493 wp-block-columns-is-layout-flex\">\n<div class=\"wp-block-column is-vertically-aligned-center is-layout-flow wp-block-column-is-layout-flow\">\n<figure class=\"wp-block-image aligncenter size-full is-resized\"><img loading=\"lazy\" decoding=\"async\" width=\"600\" height=\"600\" src=\"https:\/\/dsmat.fr\/wp-content\/uploads\/2025\/12\/Skydome-3.png\" alt=\"\" class=\"wp-image-941\" style=\"width:191px;height:auto\" srcset=\"https:\/\/dsmat.fr\/wp-content\/uploads\/2025\/12\/Skydome-3.png 600w, https:\/\/dsmat.fr\/wp-content\/uploads\/2025\/12\/Skydome-3-300x300.png 300w, https:\/\/dsmat.fr\/wp-content\/uploads\/2025\/12\/Skydome-3-150x150.png 150w, https:\/\/dsmat.fr\/wp-content\/uploads\/2025\/12\/Skydome-3-230x230.png 230w, https:\/\/dsmat.fr\/wp-content\/uploads\/2025\/12\/Skydome-3-350x350.png 350w, https:\/\/dsmat.fr\/wp-content\/uploads\/2025\/12\/Skydome-3-480x480.png 480w\" sizes=\"auto, (max-width: 600px) 100vw, 600px\" \/><\/figure>\n<\/div>\n\n\n\n<div class=\"wp-block-column is-vertically-aligned-center is-layout-flow wp-block-column-is-layout-flow\">\n<figure class=\"wp-block-image aligncenter size-full\"><img loading=\"lazy\" decoding=\"async\" width=\"1240\" height=\"500\" src=\"https:\/\/dsmat.fr\/wp-content\/uploads\/2026\/03\/Skydome-7.jpg\" alt=\"\" class=\"wp-image-2389\" style=\"aspect-ratio:16\/9;object-fit:cover\" srcset=\"https:\/\/dsmat.fr\/wp-content\/uploads\/2026\/03\/Skydome-7.jpg 1240w, https:\/\/dsmat.fr\/wp-content\/uploads\/2026\/03\/Skydome-7-300x121.jpg 300w, https:\/\/dsmat.fr\/wp-content\/uploads\/2026\/03\/Skydome-7-1024x413.jpg 1024w, https:\/\/dsmat.fr\/wp-content\/uploads\/2026\/03\/Skydome-7-768x310.jpg 768w, https:\/\/dsmat.fr\/wp-content\/uploads\/2026\/03\/Skydome-7-1000x403.jpg 1000w, https:\/\/dsmat.fr\/wp-content\/uploads\/2026\/03\/Skydome-7-230x93.jpg 230w, https:\/\/dsmat.fr\/wp-content\/uploads\/2026\/03\/Skydome-7-350x141.jpg 350w, https:\/\/dsmat.fr\/wp-content\/uploads\/2026\/03\/Skydome-7-480x194.jpg 480w\" sizes=\"auto, (max-width: 1240px) 100vw, 1240px\" \/><\/figure>\n<\/div>\n<\/div>\n\n\n\n<div style=\"height:25px\" aria-hidden=\"true\" class=\"wp-block-spacer\"><\/div>\n\n\n\n<p><strong>SKYDOME<\/strong> est&nbsp;un syst\u00e8me&nbsp;de&nbsp;coffrages&nbsp;en plastique&nbsp;ABS r\u00e9utilisable, il est utilis\u00e9 pour la r\u00e9alisation&nbsp;de&nbsp;planchers&nbsp;bidirectionnels coul\u00e9s en place avec un r\u00e9sultat dit \u00ab&nbsp;Gaufr\u00e9&nbsp;\u00bb<br><\/p>\n\n\n\n<p>Le syst\u00e8me a \u00e9t\u00e9 con\u00e7u pour all\u00e9ger les planchers de b\u00e9ton cr\u00e9ant des nervures perpendiculaires les unes aux autres afin d\u2019obtenir des port\u00e9es bidirectionnelles. Ce qui permet de r\u00e9aliser&nbsp;de grande port\u00e9e.<\/p>\n\n\n\n<p>&nbsp;<strong>SKYDOME<\/strong>&nbsp;est disponible en 5 hauteurs diff\u00e9rentes 200, 250, 300, 350 et 400mm. Il est \u00e9conomiquement int\u00e9ressant car r\u00e9utilisable une 100 de fois.<\/p>\n\n\n\n<p><strong>LES AVANTAGES&nbsp;:<\/strong><\/p>\n\n\n\n<ul class=\"wp-block-list\">\n<li>Moins de b\u00e9ton<\/li>\n\n\n\n<li>Moins d\u2019acier<\/li>\n\n\n\n<li>Diminution du poids propre de la dalle<\/li>\n\n\n\n<li>Diminution de la charge sur les fondations<\/li>\n\n\n\n<li>Moins de r\u00e9sonance sismique&nbsp;<\/li>\n\n\n\n<li>R\u00e9sistance au feu jusqu&rsquo;\u00e0 REI 180<\/li>\n\n\n\n<li>Logistique optimis\u00e9e&nbsp;<\/li>\n<\/ul>\n\n\n\n<div style=\"height:25px\" aria-hidden=\"true\" class=\"wp-block-spacer\"><\/div>\n\n\n\n<div class=\"wp-block-columns are-vertically-aligned-center is-layout-flex wp-container-core-columns-is-layout-28f84493 wp-block-columns-is-layout-flex\">\n<div class=\"wp-block-column is-vertically-aligned-center is-layout-flow wp-block-column-is-layout-flow\">\n<figure class=\"wp-block-image size-full\"><img loading=\"lazy\" decoding=\"async\" width=\"753\" height=\"433\" src=\"https:\/\/dsmat.fr\/wp-content\/uploads\/2026\/02\/Skydome-7-1-2.jpg\" alt=\"skydome ds mat \" class=\"wp-image-2304\" srcset=\"https:\/\/dsmat.fr\/wp-content\/uploads\/2026\/02\/Skydome-7-1-2.jpg 753w, https:\/\/dsmat.fr\/wp-content\/uploads\/2026\/02\/Skydome-7-1-2-300x173.jpg 300w, https:\/\/dsmat.fr\/wp-content\/uploads\/2026\/02\/Skydome-7-1-2-230x132.jpg 230w, https:\/\/dsmat.fr\/wp-content\/uploads\/2026\/02\/Skydome-7-1-2-350x201.jpg 350w, https:\/\/dsmat.fr\/wp-content\/uploads\/2026\/02\/Skydome-7-1-2-480x276.jpg 480w\" sizes=\"auto, (max-width: 753px) 100vw, 753px\" \/><\/figure>\n<\/div>\n\n\n\n<div class=\"wp-block-column is-vertically-aligned-center is-layout-flow wp-block-column-is-layout-flow\">\n<figure class=\"wp-block-image aligncenter size-medium\"><img loading=\"lazy\" decoding=\"async\" width=\"300\" height=\"200\" src=\"http:\/\/attbing.cluster121.hosting.ovh.net\/wp-content\/uploads\/2026\/01\/Skydome-5-300x200.jpg\" alt=\"skydome ds mat \" class=\"wp-image-1759\" srcset=\"https:\/\/dsmat.fr\/wp-content\/uploads\/2026\/01\/Skydome-5-300x200.jpg 300w, https:\/\/dsmat.fr\/wp-content\/uploads\/2026\/01\/Skydome-5-768x511.jpg 768w, https:\/\/dsmat.fr\/wp-content\/uploads\/2026\/01\/Skydome-5-230x153.jpg 230w, https:\/\/dsmat.fr\/wp-content\/uploads\/2026\/01\/Skydome-5-350x233.jpg 350w, https:\/\/dsmat.fr\/wp-content\/uploads\/2026\/01\/Skydome-5-480x319.jpg 480w, https:\/\/dsmat.fr\/wp-content\/uploads\/2026\/01\/Skydome-5.jpg 800w\" sizes=\"auto, (max-width: 300px) 100vw, 300px\" \/><\/figure>\n<\/div>\n\n\n\n<div class=\"wp-block-column is-vertically-aligned-center is-layout-flow wp-block-column-is-layout-flow\">\n<figure class=\"wp-block-image size-full\"><img loading=\"lazy\" decoding=\"async\" width=\"763\" height=\"430\" src=\"https:\/\/dsmat.fr\/wp-content\/uploads\/2026\/02\/Skydome-6-1.jpg\" alt=\"skydome ds mat \" class=\"wp-image-2300\" srcset=\"https:\/\/dsmat.fr\/wp-content\/uploads\/2026\/02\/Skydome-6-1.jpg 763w, https:\/\/dsmat.fr\/wp-content\/uploads\/2026\/02\/Skydome-6-1-300x169.jpg 300w, https:\/\/dsmat.fr\/wp-content\/uploads\/2026\/02\/Skydome-6-1-230x130.jpg 230w, https:\/\/dsmat.fr\/wp-content\/uploads\/2026\/02\/Skydome-6-1-350x197.jpg 350w, https:\/\/dsmat.fr\/wp-content\/uploads\/2026\/02\/Skydome-6-1-480x271.jpg 480w\" sizes=\"auto, (max-width: 763px) 100vw, 763px\" \/><\/figure>\n<\/div>\n<\/div>\n\n\n\n<p><\/p>\n","protected":false},"excerpt":{"rendered":"<p>SKYDOME est&nbsp;un syst\u00e8me&nbsp;de&nbsp;coffrages&nbsp;en plastique&nbsp;ABS r\u00e9utilisable, il est utilis\u00e9 pour la r\u00e9alisation&nbsp;de&nbsp;planchers&nbsp;bidirectionnels coul\u00e9s en place avec un r\u00e9sultat dit \u00ab&nbsp;Gaufr\u00e9&nbsp;\u00bb Le syst\u00e8me a \u00e9t\u00e9 con\u00e7u pour [&hellip;]<\/p>\n","protected":false},"author":1,"featured_media":0,"parent":10,"menu_order":2,"comment_status":"closed","ping_status":"closed","template":"page-templates\/page_fullwidth.php","meta":{"footnotes":""},"class_list":["post-863","page","type-page","status-publish","hentry"],"_links":{"self":[{"href":"https:\/\/dsmat.fr\/index.php\/wp-json\/wp\/v2\/pages\/863","targetHints":{"allow":["GET"]}}],"collection":[{"href":"https:\/\/dsmat.fr\/index.php\/wp-json\/wp\/v2\/pages"}],"about":[{"href":"https:\/\/dsmat.fr\/index.php\/wp-json\/wp\/v2\/types\/page"}],"author":[{"embeddable":true,"href":"https:\/\/dsmat.fr\/index.php\/wp-json\/wp\/v2\/users\/1"}],"replies":[{"embeddable":true,"href":"https:\/\/dsmat.fr\/index.php\/wp-json\/wp\/v2\/comments?post=863"}],"version-history":[{"count":31,"href":"https:\/\/dsmat.fr\/index.php\/wp-json\/wp\/v2\/pages\/863\/revisions"}],"predecessor-version":[{"id":2391,"href":"https:\/\/dsmat.fr\/index.php\/wp-json\/wp\/v2\/pages\/863\/revisions\/2391"}],"up":[{"embeddable":true,"href":"https:\/\/dsmat.fr\/index.php\/wp-json\/wp\/v2\/pages\/10"}],"wp:attachment":[{"href":"https:\/\/dsmat.fr\/index.php\/wp-json\/wp\/v2\/media?parent=863"}],"curies":[{"name":"wp","href":"https:\/\/api.w.org\/{rel}","templated":true}]}}