{"id":759,"date":"2025-12-10T11:02:18","date_gmt":"2025-12-10T11:02:18","guid":{"rendered":"http:\/\/attbing.cluster121.hosting.ovh.net\/?page_id=759"},"modified":"2026-03-30T11:44:13","modified_gmt":"2026-03-30T11:44:13","slug":"skynet","status":"publish","type":"page","link":"https:\/\/dsmat.fr\/index.php\/coffrage-perdu\/skynet\/","title":{"rendered":"SKYNET"},"content":{"rendered":"\n<div style=\"height:29px\" aria-hidden=\"true\" class=\"wp-block-spacer\"><\/div>\n\n\n\n<div class=\"wp-block-group alignwide has-global-padding is-content-justification-center is-layout-constrained wp-block-group-is-layout-constrained\">\n<div class=\"wp-block-group is-content-justification-center is-layout-flex wp-container-core-group-is-layout-b02886af wp-block-group-is-layout-flex\"><h1 style=\"font-size:50px;\" class=\"has-text-align-center wp-block-post-title\">SKYNET<\/h1>\n\n\n<figure class=\"wp-block-image aligncenter size-full is-resized\"><img loading=\"lazy\" decoding=\"async\" width=\"933\" height=\"210\" src=\"http:\/\/attbing.cluster121.hosting.ovh.net\/wp-content\/uploads\/2025\/12\/GEO-2.png\" alt=\"\" class=\"wp-image-1096\" style=\"aspect-ratio:4.442882249560633;width:89px;height:auto\" srcset=\"https:\/\/dsmat.fr\/wp-content\/uploads\/2025\/12\/GEO-2.png 933w, https:\/\/dsmat.fr\/wp-content\/uploads\/2025\/12\/GEO-2-300x68.png 300w, https:\/\/dsmat.fr\/wp-content\/uploads\/2025\/12\/GEO-2-768x173.png 768w, https:\/\/dsmat.fr\/wp-content\/uploads\/2025\/12\/GEO-2-230x52.png 230w, https:\/\/dsmat.fr\/wp-content\/uploads\/2025\/12\/GEO-2-350x79.png 350w, https:\/\/dsmat.fr\/wp-content\/uploads\/2025\/12\/GEO-2-480x108.png 480w\" sizes=\"auto, (max-width: 933px) 100vw, 933px\" \/><\/figure>\n\n\n\n<div class=\"wp-block-buttons is-content-justification-center is-layout-flex wp-container-core-buttons-is-layout-b5994976 wp-block-buttons-is-layout-flex\">\n<div class=\"wp-block-button\"><a class=\"wp-block-button__link wp-element-button\" href=\"https:\/\/dsmat.fr\/wp-content\/uploads\/2026\/01\/Geoplast-Fondations-Catalogue-French.pdf\">t\u00e9l\u00e9charger le catalogue<\/a><\/div>\n<\/div>\n<\/div>\n<\/div>\n\n\n\n<div style=\"height:29px\" aria-hidden=\"true\" class=\"wp-block-spacer\"><\/div>\n\n\n\n<hr class=\"wp-block-separator has-text-color has-global-color-2-color has-alpha-channel-opacity has-global-color-2-background-color has-background\"\/>\n\n\n\n<div style=\"height:29px\" aria-hidden=\"true\" class=\"wp-block-spacer\"><\/div>\n\n\n\n<div class=\"wp-block-columns are-vertically-aligned-center is-layout-flex wp-container-core-columns-is-layout-28f84493 wp-block-columns-is-layout-flex\">\n<div class=\"wp-block-column is-vertically-aligned-center is-layout-flow wp-block-column-is-layout-flow\">\n<figure class=\"wp-block-image size-full\"><img loading=\"lazy\" decoding=\"async\" width=\"300\" height=\"300\" src=\"http:\/\/attbing.cluster121.hosting.ovh.net\/wp-content\/uploads\/2025\/12\/Skynet-combined-300x300-1.png\" alt=\"skynet ds mat\" class=\"wp-image-938\" srcset=\"https:\/\/dsmat.fr\/wp-content\/uploads\/2025\/12\/Skynet-combined-300x300-1.png 300w, https:\/\/dsmat.fr\/wp-content\/uploads\/2025\/12\/Skynet-combined-300x300-1-150x150.png 150w, https:\/\/dsmat.fr\/wp-content\/uploads\/2025\/12\/Skynet-combined-300x300-1-230x230.png 230w\" sizes=\"auto, (max-width: 300px) 100vw, 300px\" \/><\/figure>\n<\/div>\n\n\n\n<div class=\"wp-block-column is-vertically-aligned-center is-layout-flow wp-block-column-is-layout-flow\">\n<figure class=\"wp-block-image size-full\"><img loading=\"lazy\" decoding=\"async\" width=\"1240\" height=\"500\" src=\"https:\/\/dsmat.fr\/wp-content\/uploads\/2026\/03\/Skynet-6.jpg\" alt=\"\" class=\"wp-image-2383\" srcset=\"https:\/\/dsmat.fr\/wp-content\/uploads\/2026\/03\/Skynet-6.jpg 1240w, https:\/\/dsmat.fr\/wp-content\/uploads\/2026\/03\/Skynet-6-300x121.jpg 300w, https:\/\/dsmat.fr\/wp-content\/uploads\/2026\/03\/Skynet-6-1024x413.jpg 1024w, https:\/\/dsmat.fr\/wp-content\/uploads\/2026\/03\/Skynet-6-768x310.jpg 768w, https:\/\/dsmat.fr\/wp-content\/uploads\/2026\/03\/Skynet-6-1000x403.jpg 1000w, https:\/\/dsmat.fr\/wp-content\/uploads\/2026\/03\/Skynet-6-230x93.jpg 230w, https:\/\/dsmat.fr\/wp-content\/uploads\/2026\/03\/Skynet-6-350x141.jpg 350w, https:\/\/dsmat.fr\/wp-content\/uploads\/2026\/03\/Skynet-6-480x194.jpg 480w\" sizes=\"auto, (max-width: 1240px) 100vw, 1240px\" \/><\/figure>\n<\/div>\n<\/div>\n\n\n\n<div style=\"height:25px\" aria-hidden=\"true\" class=\"wp-block-spacer\"><\/div>\n\n\n\n<p class=\"is-style-default\"><strong>SKYNET<\/strong> est un syst\u00e8me de coffrage perdu traditionnels, le SKYNET forme un plancher nervur\u00e9 ou gaufr\u00e9 bidirectionnel. Il repose sur des poteaux en b\u00e9ton de diam\u00e8tre conforme aux normes et aux exigences de l\u2019ouvrage ainsi que sur des tubes vides. Cela permet d\u2019optimiser la quantit\u00e9 de b\u00e9ton et donc le cout. Le SKYNET est conforme \u00e0 l\u2019EUROCODE-EC2 ainsi qu\u2019a l\u2019American Concrete Institute-ACI318.&nbsp;<\/p>\n\n\n\n<p class=\"has-medium-font-size\"><strong>Applications possibles<\/strong><\/p>\n\n\n\n<p>SKYNET convient pour de nombreux d\u00e9fis sur tous les types de chantiers :<\/p>\n\n\n\n<ul class=\"wp-block-list\">\n<li>Maisons individuelles, b\u00e2timents r\u00e9sidentiels, b\u00e2timents scolaires, industriels, tertiaires<\/li>\n\n\n\n<li>Travaux de r\u00e9novation et r\u00e9habilitation<\/li>\n\n\n\n<li>Rampes, marches, gradins, rehausse de quai, etc..<\/li>\n\n\n\n<li>Vides sanitaires ventil\u00e9s pour l\u2019humidit\u00e9 et les gaz comme le radon.<\/li>\n\n\n\n<li>Locaux techniques, vides technique pour r\u00e9seaux,&nbsp;<\/li>\n\n\n\n<li>Projets de construction dans des zones inondables, bassin de r\u00e9tention d\u2019eau<\/li>\n<\/ul>\n\n\n\n<p class=\"has-medium-font-size\"><strong>Pourquoi choisir SKYNET ?<\/strong><\/p>\n\n\n\n<ul class=\"wp-block-list\">\n<li><strong>Respect de l\u2019environnement<\/strong> : 100% recycl\u00e9, 100% recyclable.<\/li>\n<\/ul>\n\n\n\n<ul class=\"wp-block-list\">\n<li><strong>Gain de temps &amp; co\u00fbt<\/strong> : pose rapide, et intuitive<\/li>\n<\/ul>\n\n\n\n<ul class=\"wp-block-list\">\n<li><strong>Performance structurelle<\/strong> : charge \u00e9lev\u00e9e, conforme EUROCODE et ACI<\/li>\n<\/ul>\n\n\n\n<ul class=\"wp-block-list\">\n<li><strong>Accessibilit\u00e9&nbsp;: <\/strong>Vide visitable.<\/li>\n<\/ul>\n\n\n\n<div style=\"height:25px\" aria-hidden=\"true\" class=\"wp-block-spacer\"><\/div>\n\n\n\n<div class=\"wp-block-columns is-layout-flex wp-container-core-columns-is-layout-28f84493 wp-block-columns-is-layout-flex\">\n<div class=\"wp-block-column is-layout-flow wp-block-column-is-layout-flow\">\n<figure class=\"wp-block-image size-full\"><img loading=\"lazy\" decoding=\"async\" width=\"1920\" height=\"2560\" src=\"http:\/\/attbing.cluster121.hosting.ovh.net\/wp-content\/uploads\/2026\/01\/Skynet-2-scaled.jpg\" alt=\"skynet ds mat\" class=\"wp-image-1746\" srcset=\"https:\/\/dsmat.fr\/wp-content\/uploads\/2026\/01\/Skynet-2-scaled.jpg 1920w, https:\/\/dsmat.fr\/wp-content\/uploads\/2026\/01\/Skynet-2-225x300.jpg 225w, https:\/\/dsmat.fr\/wp-content\/uploads\/2026\/01\/Skynet-2-768x1024.jpg 768w, https:\/\/dsmat.fr\/wp-content\/uploads\/2026\/01\/Skynet-2-1152x1536.jpg 1152w, https:\/\/dsmat.fr\/wp-content\/uploads\/2026\/01\/Skynet-2-1536x2048.jpg 1536w\" sizes=\"auto, (max-width: 1920px) 100vw, 1920px\" \/><\/figure>\n<\/div>\n\n\n\n<div class=\"wp-block-column is-layout-flow wp-block-column-is-layout-flow\">\n<figure class=\"wp-block-image size-full\"><img loading=\"lazy\" decoding=\"async\" width=\"1125\" height=\"1500\" src=\"https:\/\/dsmat.fr\/wp-content\/uploads\/2026\/01\/Elevator-Tank-3.jpg\" alt=\"\" class=\"wp-image-1785\" srcset=\"https:\/\/dsmat.fr\/wp-content\/uploads\/2026\/01\/Elevator-Tank-3.jpg 1125w, https:\/\/dsmat.fr\/wp-content\/uploads\/2026\/01\/Elevator-Tank-3-225x300.jpg 225w, https:\/\/dsmat.fr\/wp-content\/uploads\/2026\/01\/Elevator-Tank-3-768x1024.jpg 768w, https:\/\/dsmat.fr\/wp-content\/uploads\/2026\/01\/Elevator-Tank-3-1000x1333.jpg 1000w, https:\/\/dsmat.fr\/wp-content\/uploads\/2026\/01\/Elevator-Tank-3-230x307.jpg 230w, https:\/\/dsmat.fr\/wp-content\/uploads\/2026\/01\/Elevator-Tank-3-350x467.jpg 350w, https:\/\/dsmat.fr\/wp-content\/uploads\/2026\/01\/Elevator-Tank-3-480x640.jpg 480w\" sizes=\"auto, (max-width: 1125px) 100vw, 1125px\" \/><\/figure>\n<\/div>\n\n\n\n<div class=\"wp-block-column is-layout-flow wp-block-column-is-layout-flow\">\n<figure class=\"wp-block-gallery has-nested-images columns-default is-cropped wp-block-gallery-1 is-layout-flex wp-block-gallery-is-layout-flex\">\n<figure class=\"wp-block-image size-large\"><img loading=\"lazy\" decoding=\"async\" width=\"1920\" height=\"2560\" data-id=\"1742\" src=\"https:\/\/dsmat.fr\/wp-content\/uploads\/2026\/01\/Skynet-1-scaled.jpg\" alt=\"skynet ds mat\" class=\"wp-image-1742\" srcset=\"https:\/\/dsmat.fr\/wp-content\/uploads\/2026\/01\/Skynet-1-scaled.jpg 1920w, https:\/\/dsmat.fr\/wp-content\/uploads\/2026\/01\/Skynet-1-225x300.jpg 225w\" sizes=\"auto, (max-width: 1920px) 100vw, 1920px\" \/><\/figure>\n<\/figure>\n<\/div>\n<\/div>\n","protected":false},"excerpt":{"rendered":"<p>SKYNET est un syst\u00e8me de coffrage perdu traditionnels, le SKYNET forme un plancher nervur\u00e9 ou gaufr\u00e9 bidirectionnel. Il repose sur des poteaux en b\u00e9ton de [&hellip;]<\/p>\n","protected":false},"author":1,"featured_media":0,"parent":9,"menu_order":4,"comment_status":"closed","ping_status":"closed","template":"page-templates\/page_fullwidth.php","meta":{"footnotes":""},"class_list":["post-759","page","type-page","status-publish","hentry"],"_links":{"self":[{"href":"https:\/\/dsmat.fr\/index.php\/wp-json\/wp\/v2\/pages\/759","targetHints":{"allow":["GET"]}}],"collection":[{"href":"https:\/\/dsmat.fr\/index.php\/wp-json\/wp\/v2\/pages"}],"about":[{"href":"https:\/\/dsmat.fr\/index.php\/wp-json\/wp\/v2\/types\/page"}],"author":[{"embeddable":true,"href":"https:\/\/dsmat.fr\/index.php\/wp-json\/wp\/v2\/users\/1"}],"replies":[{"embeddable":true,"href":"https:\/\/dsmat.fr\/index.php\/wp-json\/wp\/v2\/comments?post=759"}],"version-history":[{"count":19,"href":"https:\/\/dsmat.fr\/index.php\/wp-json\/wp\/v2\/pages\/759\/revisions"}],"predecessor-version":[{"id":2385,"href":"https:\/\/dsmat.fr\/index.php\/wp-json\/wp\/v2\/pages\/759\/revisions\/2385"}],"up":[{"embeddable":true,"href":"https:\/\/dsmat.fr\/index.php\/wp-json\/wp\/v2\/pages\/9"}],"wp:attachment":[{"href":"https:\/\/dsmat.fr\/index.php\/wp-json\/wp\/v2\/media?parent=759"}],"curies":[{"name":"wp","href":"https:\/\/api.w.org\/{rel}","templated":true}]}}