{"id":755,"date":"2025-12-10T11:01:48","date_gmt":"2025-12-10T11:01:48","guid":{"rendered":"http:\/\/attbing.cluster121.hosting.ovh.net\/?page_id=755"},"modified":"2026-02-16T13:24:53","modified_gmt":"2026-02-16T13:24:53","slug":"modulo-h13-h40","status":"publish","type":"page","link":"https:\/\/dsmat.fr\/index.php\/coffrage-perdu\/modulo-h13-h40\/","title":{"rendered":"MODULO H03-H70"},"content":{"rendered":"\n<div style=\"height:30px\" aria-hidden=\"true\" class=\"wp-block-spacer\"><\/div>\n\n\n\n<div class=\"wp-block-group alignwide has-global-padding is-content-justification-center is-layout-constrained wp-block-group-is-layout-constrained\">\n<div class=\"wp-block-group is-content-justification-center is-layout-flex wp-container-core-group-is-layout-b02886af wp-block-group-is-layout-flex\"><h1 style=\"font-size:30px;\" class=\"has-text-align-center wp-block-post-title\">MODULO H03-H70<\/h1>\n\n\n<figure class=\"wp-block-image aligncenter size-full is-resized\"><img loading=\"lazy\" decoding=\"async\" width=\"933\" height=\"210\" src=\"http:\/\/attbing.cluster121.hosting.ovh.net\/wp-content\/uploads\/2025\/12\/GEO-2.png\" alt=\"\" class=\"wp-image-1096\" style=\"aspect-ratio:4.442882249560633;width:89px;height:auto\" srcset=\"https:\/\/dsmat.fr\/wp-content\/uploads\/2025\/12\/GEO-2.png 933w, https:\/\/dsmat.fr\/wp-content\/uploads\/2025\/12\/GEO-2-300x68.png 300w, https:\/\/dsmat.fr\/wp-content\/uploads\/2025\/12\/GEO-2-768x173.png 768w, https:\/\/dsmat.fr\/wp-content\/uploads\/2025\/12\/GEO-2-230x52.png 230w, https:\/\/dsmat.fr\/wp-content\/uploads\/2025\/12\/GEO-2-350x79.png 350w, https:\/\/dsmat.fr\/wp-content\/uploads\/2025\/12\/GEO-2-480x108.png 480w\" sizes=\"auto, (max-width: 933px) 100vw, 933px\" \/><\/figure>\n\n\n\n<div class=\"wp-block-buttons is-content-justification-center is-layout-flex wp-container-core-buttons-is-layout-b5994976 wp-block-buttons-is-layout-flex\">\n<div class=\"wp-block-button\"><a class=\"wp-block-button__link wp-element-button\" href=\"https:\/\/dsmat.fr\/wp-content\/uploads\/2026\/01\/Geoplast-Fondations-Catalogue-French.pdf\">t\u00e9l\u00e9charger le catalogue<\/a><\/div>\n<\/div>\n<\/div>\n<\/div>\n\n\n\n<div style=\"height:30px\" aria-hidden=\"true\" class=\"wp-block-spacer\"><\/div>\n\n\n\n<hr class=\"wp-block-separator has-text-color has-global-color-2-color has-alpha-channel-opacity has-global-color-2-background-color has-background\"\/>\n\n\n\n<div style=\"height:30px\" aria-hidden=\"true\" class=\"wp-block-spacer\"><\/div>\n\n\n\n<div class=\"wp-block-columns is-layout-flex wp-container-core-columns-is-layout-28f84493 wp-block-columns-is-layout-flex\">\n<div class=\"wp-block-column is-vertically-aligned-center is-layout-flow wp-block-column-is-layout-flow\">\n<figure class=\"wp-block-image aligncenter size-full is-resized\"><img loading=\"lazy\" decoding=\"async\" width=\"255\" height=\"184\" src=\"http:\/\/attbing.cluster121.hosting.ovh.net\/wp-content\/uploads\/2025\/12\/geoplast-modulo-accessori-geoblock.jpg\" alt=\"modulo ds mat\" class=\"wp-image-933\" style=\"aspect-ratio:1.3859872611464967;width:377px;height:auto\" srcset=\"https:\/\/dsmat.fr\/wp-content\/uploads\/2025\/12\/geoplast-modulo-accessori-geoblock.jpg 255w, https:\/\/dsmat.fr\/wp-content\/uploads\/2025\/12\/geoplast-modulo-accessori-geoblock-230x166.jpg 230w\" sizes=\"auto, (max-width: 255px) 100vw, 255px\" \/><\/figure>\n<\/div>\n\n\n\n<div class=\"wp-block-column is-layout-flow wp-block-column-is-layout-flow\">\n<figure class=\"wp-block-image size-full\"><img loading=\"lazy\" decoding=\"async\" width=\"1600\" height=\"1200\" src=\"http:\/\/attbing.cluster121.hosting.ovh.net\/wp-content\/uploads\/2026\/01\/Modulo-3.jpg\" alt=\"modulo ds mat\" class=\"wp-image-1715\" srcset=\"https:\/\/dsmat.fr\/wp-content\/uploads\/2026\/01\/Modulo-3.jpg 1600w, https:\/\/dsmat.fr\/wp-content\/uploads\/2026\/01\/Modulo-3-300x225.jpg 300w, https:\/\/dsmat.fr\/wp-content\/uploads\/2026\/01\/Modulo-3-1024x768.jpg 1024w, https:\/\/dsmat.fr\/wp-content\/uploads\/2026\/01\/Modulo-3-768x576.jpg 768w, https:\/\/dsmat.fr\/wp-content\/uploads\/2026\/01\/Modulo-3-1536x1152.jpg 1536w, https:\/\/dsmat.fr\/wp-content\/uploads\/2026\/01\/Modulo-3-1000x750.jpg 1000w, https:\/\/dsmat.fr\/wp-content\/uploads\/2026\/01\/Modulo-3-230x173.jpg 230w, https:\/\/dsmat.fr\/wp-content\/uploads\/2026\/01\/Modulo-3-350x263.jpg 350w, https:\/\/dsmat.fr\/wp-content\/uploads\/2026\/01\/Modulo-3-480x360.jpg 480w\" sizes=\"auto, (max-width: 1600px) 100vw, 1600px\" \/><\/figure>\n<\/div>\n<\/div>\n\n\n\n<div style=\"height:25px\" aria-hidden=\"true\" class=\"wp-block-spacer\"><\/div>\n\n\n\n<p><strong>Modulo<\/strong> est un coffrage perdu en plastique sp\u00e9cialement con\u00e7u pour la cr\u00e9ation de vides sanitaires ou de rattrapage de niveaux. Il forme <strong>un vide d\u2019air<\/strong> entre le sol et la structure du b\u00e2timent assurant une ventilation et une protection durables contre l\u2019humidit\u00e9 et le radon par exemple. Il est aussi utilisable pour des rattrapages de niveaux \u00e9vitant du remblai et donc diminuant le poids sur la structure du b\u00e2timent. Au niveau \u00e9cologie le MODULO est un exemple 100% en mati\u00e8re recycl\u00e9e et 100% recyclable.&nbsp; <strong>Certification<\/strong> <strong>EPD (<\/strong>Environmental Product Declaration).<\/p>\n\n\n\n<p>Avec l\u2019Avis Technique <strong>CSTB n\u00b0 3\/16-906<\/strong>, Modulo est certifi\u00e9 pour ses performances, sa fiabilit\u00e9 et sa conformit\u00e9 aux normes fran\u00e7aises de construction.<\/p>\n\n\n\n<p>Disponible en 19 hauteurs diff\u00e9rentes de 3 \u00e0 70cm.<\/p>\n\n\n\n<p class=\"has-medium-font-size\"><strong>Applications possibles<\/strong><\/p>\n\n\n\n<p>Modulo convient pour de nombreux d\u00e9fis sur tous les types de chantiers :<\/p>\n\n\n\n<ul class=\"wp-block-list\">\n<li>Maisons individuelles, b\u00e2timents r\u00e9sidentiels, b\u00e2timents scolaires, industriels, tertiaires<\/li>\n\n\n\n<li>Travaux de r\u00e9novation et r\u00e9habilitation avec des rattrapages de niveau<\/li>\n\n\n\n<li>Rampes, marches, gradins\u2026<\/li>\n\n\n\n<li>Vides sanitaires ventil\u00e9s pour l\u2019humidit\u00e9 et les gaz comme le radon.<\/li>\n\n\n\n<li>Chambres froides, chambres froides n\u00e9gatives, locaux techniques<\/li>\n\n\n\n<li>Projets de construction dans des zones inondables.<\/li>\n\n\n\n<li>R\u00e9hausse de fond des piscines, ou rebouchage.&nbsp;<\/li>\n<\/ul>\n\n\n\n<p class=\"has-medium-font-size\"><strong>Pourquoi choisir Modulo ?<\/strong><\/p>\n\n\n\n<ul class=\"wp-block-list\">\n<li><strong>S\u00e9curit\u00e9 &amp; fiabilit\u00e9<\/strong> : Gr\u00e2ce \u00e0 l\u2019Avis Technique CSTB, ce produit offre une garantie technique aux ma\u00eetres d\u2019ouvrage et aux ing\u00e9nieurs.<\/li>\n<\/ul>\n\n\n\n<ul class=\"wp-block-list\">\n<li><strong>Gain de temps &amp; co\u00fbt<\/strong> : pose rapide, 80 \u00e0 100m\u00b2\/heure\/personne.<\/li>\n<\/ul>\n\n\n\n<ul class=\"wp-block-list\">\n<li><strong>Performance structurelle<\/strong> : charge \u00e9lev\u00e9e, bonne r\u00e9partition des efforts gr\u00e2ce \u00e0 la forme et au mat\u00e9riau.<\/li>\n<\/ul>\n\n\n\n<ul class=\"wp-block-list\">\n<li><strong>Respect de l\u2019environnement<\/strong> : 100% recycl\u00e9, 100% recyclable, certifications EPD.<\/li>\n<\/ul>\n\n\n\n<div style=\"height:25px\" aria-hidden=\"true\" class=\"wp-block-spacer\"><\/div>\n\n\n\n<div class=\"wp-block-columns are-vertically-aligned-center is-layout-flex wp-container-core-columns-is-layout-28f84493 wp-block-columns-is-layout-flex\">\n<div class=\"wp-block-column is-vertically-aligned-center is-layout-flow wp-block-column-is-layout-flow\">\n<figure class=\"wp-block-image size-full\"><img loading=\"lazy\" decoding=\"async\" width=\"482\" height=\"487\" src=\"https:\/\/dsmat.fr\/wp-content\/uploads\/2026\/02\/Modulo-300-1.jpg\" alt=\"modulo ds mat\" class=\"wp-image-2286\" srcset=\"https:\/\/dsmat.fr\/wp-content\/uploads\/2026\/02\/Modulo-300-1.jpg 482w, https:\/\/dsmat.fr\/wp-content\/uploads\/2026\/02\/Modulo-300-1-297x300.jpg 297w, https:\/\/dsmat.fr\/wp-content\/uploads\/2026\/02\/Modulo-300-1-230x232.jpg 230w, https:\/\/dsmat.fr\/wp-content\/uploads\/2026\/02\/Modulo-300-1-350x354.jpg 350w, https:\/\/dsmat.fr\/wp-content\/uploads\/2026\/02\/Modulo-300-1-480x485.jpg 480w\" sizes=\"auto, (max-width: 482px) 100vw, 482px\" \/><\/figure>\n<\/div>\n\n\n\n<div class=\"wp-block-column is-vertically-aligned-center is-layout-flow wp-block-column-is-layout-flow\">\n<figure class=\"wp-block-image size-full\"><img loading=\"lazy\" decoding=\"async\" width=\"488\" height=\"482\" src=\"https:\/\/dsmat.fr\/wp-content\/uploads\/2026\/02\/Modulo-5-300.jpg\" alt=\"modulo ds mat\" class=\"wp-image-2287\" srcset=\"https:\/\/dsmat.fr\/wp-content\/uploads\/2026\/02\/Modulo-5-300.jpg 488w, https:\/\/dsmat.fr\/wp-content\/uploads\/2026\/02\/Modulo-5-300-300x296.jpg 300w, https:\/\/dsmat.fr\/wp-content\/uploads\/2026\/02\/Modulo-5-300-230x227.jpg 230w, https:\/\/dsmat.fr\/wp-content\/uploads\/2026\/02\/Modulo-5-300-350x346.jpg 350w, https:\/\/dsmat.fr\/wp-content\/uploads\/2026\/02\/Modulo-5-300-480x474.jpg 480w\" sizes=\"auto, (max-width: 488px) 100vw, 488px\" \/><\/figure>\n<\/div>\n\n\n\n<div class=\"wp-block-column is-vertically-aligned-center is-layout-flow wp-block-column-is-layout-flow\">\n<figure class=\"wp-block-image size-full\"><img loading=\"lazy\" decoding=\"async\" width=\"765\" height=\"777\" src=\"https:\/\/dsmat.fr\/wp-content\/uploads\/2026\/02\/Modulo22-2.jpg\" alt=\"modulo ds mat\" class=\"wp-image-2217\" style=\"aspect-ratio:0.9845742364869068\" srcset=\"https:\/\/dsmat.fr\/wp-content\/uploads\/2026\/02\/Modulo22-2.jpg 765w, https:\/\/dsmat.fr\/wp-content\/uploads\/2026\/02\/Modulo22-2-295x300.jpg 295w, https:\/\/dsmat.fr\/wp-content\/uploads\/2026\/02\/Modulo22-2-230x234.jpg 230w, https:\/\/dsmat.fr\/wp-content\/uploads\/2026\/02\/Modulo22-2-350x355.jpg 350w, https:\/\/dsmat.fr\/wp-content\/uploads\/2026\/02\/Modulo22-2-480x488.jpg 480w\" sizes=\"auto, (max-width: 765px) 100vw, 765px\" \/><\/figure>\n<\/div>\n<\/div>\n\n\n\n<p><\/p>\n","protected":false},"excerpt":{"rendered":"<p>Modulo est un coffrage perdu en plastique sp\u00e9cialement con\u00e7u pour la cr\u00e9ation de vides sanitaires ou de rattrapage de niveaux. Il forme un vide d\u2019air [&hellip;]<\/p>\n","protected":false},"author":1,"featured_media":0,"parent":9,"menu_order":1,"comment_status":"closed","ping_status":"closed","template":"page-templates\/page_fullwidth.php","meta":{"footnotes":""},"class_list":["post-755","page","type-page","status-publish","hentry"],"_links":{"self":[{"href":"https:\/\/dsmat.fr\/index.php\/wp-json\/wp\/v2\/pages\/755","targetHints":{"allow":["GET"]}}],"collection":[{"href":"https:\/\/dsmat.fr\/index.php\/wp-json\/wp\/v2\/pages"}],"about":[{"href":"https:\/\/dsmat.fr\/index.php\/wp-json\/wp\/v2\/types\/page"}],"author":[{"embeddable":true,"href":"https:\/\/dsmat.fr\/index.php\/wp-json\/wp\/v2\/users\/1"}],"replies":[{"embeddable":true,"href":"https:\/\/dsmat.fr\/index.php\/wp-json\/wp\/v2\/comments?post=755"}],"version-history":[{"count":21,"href":"https:\/\/dsmat.fr\/index.php\/wp-json\/wp\/v2\/pages\/755\/revisions"}],"predecessor-version":[{"id":2290,"href":"https:\/\/dsmat.fr\/index.php\/wp-json\/wp\/v2\/pages\/755\/revisions\/2290"}],"up":[{"embeddable":true,"href":"https:\/\/dsmat.fr\/index.php\/wp-json\/wp\/v2\/pages\/9"}],"wp:attachment":[{"href":"https:\/\/dsmat.fr\/index.php\/wp-json\/wp\/v2\/media?parent=755"}],"curies":[{"name":"wp","href":"https:\/\/api.w.org\/{rel}","templated":true}]}}