{"id":753,"date":"2025-12-10T11:00:59","date_gmt":"2025-12-10T11:00:59","guid":{"rendered":"http:\/\/attbing.cluster121.hosting.ovh.net\/?page_id=753"},"modified":"2026-03-17T09:14:26","modified_gmt":"2026-03-17T09:14:26","slug":"multimodulo-h13-h40","status":"publish","type":"page","link":"https:\/\/dsmat.fr\/index.php\/coffrage-perdu\/multimodulo-h13-h40\/","title":{"rendered":"MULTIMODULO \nH13-H40"},"content":{"rendered":"\n<div style=\"height:30px\" aria-hidden=\"true\" class=\"wp-block-spacer\"><\/div>\n\n\n\n<div class=\"wp-block-group alignwide has-global-padding is-content-justification-center is-layout-constrained wp-block-group-is-layout-constrained\">\n<div class=\"wp-block-group is-content-justification-center is-layout-flex wp-container-core-group-is-layout-b02886af wp-block-group-is-layout-flex\"><h1 style=\"font-size:40px;\" class=\"has-text-align-center wp-block-post-title\">MULTIMODULO \nH13-H40<\/h1>\n\n\n<figure class=\"wp-block-image aligncenter size-full is-resized\"><img loading=\"lazy\" decoding=\"async\" width=\"933\" height=\"210\" src=\"http:\/\/attbing.cluster121.hosting.ovh.net\/wp-content\/uploads\/2025\/12\/GEO-2.png\" alt=\"\" class=\"wp-image-1096\" style=\"aspect-ratio:4.442882249560633;width:89px;height:auto\" srcset=\"https:\/\/dsmat.fr\/wp-content\/uploads\/2025\/12\/GEO-2.png 933w, https:\/\/dsmat.fr\/wp-content\/uploads\/2025\/12\/GEO-2-300x68.png 300w, https:\/\/dsmat.fr\/wp-content\/uploads\/2025\/12\/GEO-2-768x173.png 768w, https:\/\/dsmat.fr\/wp-content\/uploads\/2025\/12\/GEO-2-230x52.png 230w, https:\/\/dsmat.fr\/wp-content\/uploads\/2025\/12\/GEO-2-350x79.png 350w, https:\/\/dsmat.fr\/wp-content\/uploads\/2025\/12\/GEO-2-480x108.png 480w\" sizes=\"auto, (max-width: 933px) 100vw, 933px\" \/><\/figure>\n\n\n\n<div class=\"wp-block-buttons is-content-justification-center is-layout-flex wp-container-core-buttons-is-layout-b5994976 wp-block-buttons-is-layout-flex\">\n<div class=\"wp-block-button\"><a class=\"wp-block-button__link wp-element-button\" href=\"https:\/\/dsmat.fr\/wp-content\/uploads\/2026\/01\/Geoplast-Fondations-Catalogue-French.pdf\">t\u00e9l\u00e9charger le catalogue<\/a><\/div>\n<\/div>\n<\/div>\n<\/div>\n\n\n\n<div style=\"height:30px\" aria-hidden=\"true\" class=\"wp-block-spacer\"><\/div>\n\n\n\n<hr class=\"wp-block-separator has-text-color has-global-color-2-color has-alpha-channel-opacity has-global-color-2-background-color has-background\"\/>\n\n\n\n<div style=\"height:30px\" aria-hidden=\"true\" class=\"wp-block-spacer\"><\/div>\n\n\n\n<div class=\"wp-block-columns is-layout-flex wp-container-core-columns-is-layout-28f84493 wp-block-columns-is-layout-flex\">\n<div class=\"wp-block-column is-vertically-aligned-center is-layout-flow wp-block-column-is-layout-flow\">\n<figure class=\"wp-block-image aligncenter size-full\"><img loading=\"lazy\" decoding=\"async\" width=\"300\" height=\"300\" src=\"http:\/\/attbing.cluster121.hosting.ovh.net\/wp-content\/uploads\/2025\/12\/Multimodulo-300x300-1.png\" alt=\"multimodulo ds mat\" class=\"wp-image-937\" srcset=\"https:\/\/dsmat.fr\/wp-content\/uploads\/2025\/12\/Multimodulo-300x300-1.png 300w, https:\/\/dsmat.fr\/wp-content\/uploads\/2025\/12\/Multimodulo-300x300-1-150x150.png 150w, https:\/\/dsmat.fr\/wp-content\/uploads\/2025\/12\/Multimodulo-300x300-1-230x230.png 230w\" sizes=\"auto, (max-width: 300px) 100vw, 300px\" \/><\/figure>\n<\/div>\n\n\n\n<div class=\"wp-block-column is-layout-flow wp-block-column-is-layout-flow\">\n<figure class=\"wp-block-image size-full\"><img loading=\"lazy\" decoding=\"async\" width=\"424\" height=\"358\" src=\"http:\/\/attbing.cluster121.hosting.ovh.net\/wp-content\/uploads\/2026\/01\/Multimodulo-5.jpg\" alt=\"multimodulo ds mat\" class=\"wp-image-1721\" srcset=\"https:\/\/dsmat.fr\/wp-content\/uploads\/2026\/01\/Multimodulo-5.jpg 424w, https:\/\/dsmat.fr\/wp-content\/uploads\/2026\/01\/Multimodulo-5-300x253.jpg 300w, https:\/\/dsmat.fr\/wp-content\/uploads\/2026\/01\/Multimodulo-5-230x194.jpg 230w, https:\/\/dsmat.fr\/wp-content\/uploads\/2026\/01\/Multimodulo-5-350x296.jpg 350w\" sizes=\"auto, (max-width: 424px) 100vw, 424px\" \/><\/figure>\n<\/div>\n<\/div>\n\n\n\n<div style=\"height:25px\" aria-hidden=\"true\" class=\"wp-block-spacer\"><\/div>\n\n\n\n<p class=\"is-style-default\"><strong>Multimodulo<\/strong> est un coffrage perdu en plastique sp\u00e9cialement con\u00e7u pour la cr\u00e9ation de vides sanitaires ou de rattrapage de niveaux. Il forme <strong>un vide d\u2019air<\/strong> entre le sol et la structure du b\u00e2timent assurant une ventilation et une protection durables contre l\u2019humidit\u00e9 et le radon par exemple. Il est aussi utilisable pour des rattrapages de niveaux \u00e9vitant du remblai et donc diminuant le poids sur la structure du b\u00e2timent. <\/p>\n\n\n\n<p class=\"is-style-default\">Au niveau \u00e9cologie le MULTIMODULO est un exemple 100% en mati\u00e8re recycl\u00e9e et 100% recyclable.&nbsp; <strong>Certification<\/strong> <strong>EPD (<\/strong>Environmental Product Declaration).<\/p>\n\n\n\n<p>Avec l\u2019Avis Technique <strong>CSTB n\u00b0 3\/16-906<\/strong>, Multimodulo est certifi\u00e9 pour ses performances, sa fiabilit\u00e9 et sa conformit\u00e9 aux normes fran\u00e7aises de construction.<\/p>\n\n\n\n<p>Disponible en 9 hauteurs diff\u00e9rentes de 13 \u00e0 40cm.<\/p>\n\n\n\n<p class=\"has-medium-font-size\"><strong>Applications possibles<\/strong><\/p>\n\n\n\n<p>Multimodulo convient pour de nombreux d\u00e9fis sur tous les types de chantiers :<\/p>\n\n\n\n<ul class=\"wp-block-list\">\n<li>Maisons individuelles, b\u00e2timents r\u00e9sidentiels, b\u00e2timents scolaires, industriels, tertiaires<\/li>\n\n\n\n<li>Travaux de r\u00e9novation et r\u00e9habilitation avec des rattrapages de niveau<\/li>\n\n\n\n<li>Rampes, marches, gradins\u2026<\/li>\n\n\n\n<li>Vides sanitaires ventil\u00e9s pour l\u2019humidit\u00e9 et les gaz comme le radon.<\/li>\n\n\n\n<li>Chambres froides, chambres froides n\u00e9gatives, locaux techniques<\/li>\n\n\n\n<li>Projets de construction dans des zones inondables.<\/li>\n\n\n\n<li>R\u00e9hausse de fond des piscines, ou rebouchage.&nbsp;<\/li>\n<\/ul>\n\n\n\n<p class=\"has-medium-font-size\"><strong>Pourquoi choisir Multimodulo ?<\/strong><\/p>\n\n\n\n<ul class=\"wp-block-list\">\n<li><strong>S\u00e9curit\u00e9 &amp; fiabilit\u00e9<\/strong> : Gr\u00e2ce \u00e0 l\u2019Avis Technique CSTB, ce produit offre une garantie technique aux ma\u00eetres d\u2019ouvrage et aux ing\u00e9nieurs.<\/li>\n\n\n\n<li><strong>Gain de temps &amp; co\u00fbt<\/strong> : 100m\u00b2\/heure\/personne.<\/li>\n\n\n\n<li><strong>Performance structurelle<\/strong> : charge \u00e9lev\u00e9e, bonne r\u00e9partition des efforts gr\u00e2ce \u00e0 la forme et au mat\u00e9riau.<\/li>\n\n\n\n<li><strong>Respect de l\u2019environnement<\/strong> : 100% recycl\u00e9, 100% recyclable, certifications EPD.<\/li>\n<\/ul>\n\n\n\n<div style=\"height:var(--wp--preset--spacing--40)\" aria-hidden=\"true\" class=\"wp-block-spacer\"><\/div>\n\n\n\n<div class=\"wp-block-columns is-layout-flex wp-container-core-columns-is-layout-28f84493 wp-block-columns-is-layout-flex\">\n<div class=\"wp-block-column is-layout-flow wp-block-column-is-layout-flow\">\n<figure class=\"wp-block-image size-full\"><img loading=\"lazy\" decoding=\"async\" width=\"1920\" height=\"2560\" src=\"http:\/\/attbing.cluster121.hosting.ovh.net\/wp-content\/uploads\/2026\/01\/Multimodulo-2-scaled.jpg\" alt=\"multimodulo ds mat\" class=\"wp-image-1723\" srcset=\"https:\/\/dsmat.fr\/wp-content\/uploads\/2026\/01\/Multimodulo-2-scaled.jpg 1920w, https:\/\/dsmat.fr\/wp-content\/uploads\/2026\/01\/Multimodulo-2-225x300.jpg 225w\" sizes=\"auto, (max-width: 1920px) 100vw, 1920px\" \/><\/figure>\n<\/div>\n\n\n\n<div class=\"wp-block-column is-layout-flow wp-block-column-is-layout-flow\">\n<figure class=\"wp-block-image size-full\"><img loading=\"lazy\" decoding=\"async\" width=\"1920\" height=\"2560\" src=\"http:\/\/attbing.cluster121.hosting.ovh.net\/wp-content\/uploads\/2026\/01\/Multimodulo-3-modification-a-faire-scaled.jpg\" alt=\"multimodulo ds mat\" class=\"wp-image-1725\" srcset=\"https:\/\/dsmat.fr\/wp-content\/uploads\/2026\/01\/Multimodulo-3-modification-a-faire-scaled.jpg 1920w, https:\/\/dsmat.fr\/wp-content\/uploads\/2026\/01\/Multimodulo-3-modification-a-faire-225x300.jpg 225w\" sizes=\"auto, (max-width: 1920px) 100vw, 1920px\" \/><\/figure>\n<\/div>\n<\/div>\n","protected":false},"excerpt":{"rendered":"<p>Multimodulo est un coffrage perdu en plastique sp\u00e9cialement con\u00e7u pour la cr\u00e9ation de vides sanitaires ou de rattrapage de niveaux. Il forme un vide d\u2019air [&hellip;]<\/p>\n","protected":false},"author":1,"featured_media":0,"parent":9,"menu_order":2,"comment_status":"closed","ping_status":"closed","template":"page-templates\/page_fullwidth.php","meta":{"footnotes":""},"class_list":["post-753","page","type-page","status-publish","hentry"],"_links":{"self":[{"href":"https:\/\/dsmat.fr\/index.php\/wp-json\/wp\/v2\/pages\/753","targetHints":{"allow":["GET"]}}],"collection":[{"href":"https:\/\/dsmat.fr\/index.php\/wp-json\/wp\/v2\/pages"}],"about":[{"href":"https:\/\/dsmat.fr\/index.php\/wp-json\/wp\/v2\/types\/page"}],"author":[{"embeddable":true,"href":"https:\/\/dsmat.fr\/index.php\/wp-json\/wp\/v2\/users\/1"}],"replies":[{"embeddable":true,"href":"https:\/\/dsmat.fr\/index.php\/wp-json\/wp\/v2\/comments?post=753"}],"version-history":[{"count":19,"href":"https:\/\/dsmat.fr\/index.php\/wp-json\/wp\/v2\/pages\/753\/revisions"}],"predecessor-version":[{"id":2330,"href":"https:\/\/dsmat.fr\/index.php\/wp-json\/wp\/v2\/pages\/753\/revisions\/2330"}],"up":[{"embeddable":true,"href":"https:\/\/dsmat.fr\/index.php\/wp-json\/wp\/v2\/pages\/9"}],"wp:attachment":[{"href":"https:\/\/dsmat.fr\/index.php\/wp-json\/wp\/v2\/media?parent=753"}],"curies":[{"name":"wp","href":"https:\/\/api.w.org\/{rel}","templated":true}]}}