{"id":715,"date":"2025-12-10T09:12:25","date_gmt":"2025-12-10T09:12:25","guid":{"rendered":"http:\/\/attbing.cluster121.hosting.ovh.net\/?page_id=715"},"modified":"2026-02-16T10:23:53","modified_gmt":"2026-02-16T10:23:53","slug":"geotub","status":"publish","type":"page","link":"https:\/\/dsmat.fr\/index.php\/coffrage-manuportable\/geotub\/","title":{"rendered":"GEOTUB"},"content":{"rendered":"\n<div style=\"height:30px\" aria-hidden=\"true\" class=\"wp-block-spacer\"><\/div>\n\n\n\n<div class=\"wp-block-group alignwide is-horizontal is-content-justification-center is-layout-flex wp-container-core-group-is-layout-4f6f85ca wp-block-group-is-layout-flex\">\n<div class=\"wp-block-group is-content-justification-center is-nowrap is-layout-flex wp-container-core-group-is-layout-23441af8 wp-block-group-is-layout-flex\"><h1 style=\"font-size:50px;\" class=\"wp-block-post-title\">GEOTUB<\/h1><\/div>\n\n\n\n<figure class=\"wp-block-image aligncenter size-full is-resized\"><img loading=\"lazy\" decoding=\"async\" width=\"933\" height=\"210\" src=\"https:\/\/dsmat.fr\/wp-content\/uploads\/2025\/12\/GEO-2.png\" alt=\"\" class=\"wp-image-1096\" style=\"aspect-ratio:4.442882249560633;width:89px;height:auto\" srcset=\"https:\/\/dsmat.fr\/wp-content\/uploads\/2025\/12\/GEO-2.png 933w, https:\/\/dsmat.fr\/wp-content\/uploads\/2025\/12\/GEO-2-300x68.png 300w, https:\/\/dsmat.fr\/wp-content\/uploads\/2025\/12\/GEO-2-768x173.png 768w, https:\/\/dsmat.fr\/wp-content\/uploads\/2025\/12\/GEO-2-230x52.png 230w, https:\/\/dsmat.fr\/wp-content\/uploads\/2025\/12\/GEO-2-350x79.png 350w, https:\/\/dsmat.fr\/wp-content\/uploads\/2025\/12\/GEO-2-480x108.png 480w\" sizes=\"auto, (max-width: 933px) 100vw, 933px\" \/><\/figure>\n\n\n\n<div class=\"wp-block-buttons is-content-justification-center is-layout-flex wp-container-core-buttons-is-layout-a89b3969 wp-block-buttons-is-layout-flex\">\n<div class=\"wp-block-button\"><a class=\"wp-block-button__link wp-element-button\" href=\"https:\/\/dsmat.fr\/wp-content\/uploads\/2026\/01\/Geoplast-Coffrage-Catalog-France-1.pdf\">t\u00e9l\u00e9charger le catalogue<\/a><\/div>\n<\/div>\n<\/div>\n\n\n\n<div style=\"height:30px\" aria-hidden=\"true\" class=\"wp-block-spacer\"><\/div>\n\n\n\n<hr class=\"wp-block-separator has-text-color has-global-color-2-color has-alpha-channel-opacity has-global-color-2-background-color has-background is-style-default\"\/>\n\n\n\n<div style=\"height:30px\" aria-hidden=\"true\" class=\"wp-block-spacer\"><\/div>\n\n\n\n<div class=\"wp-block-columns is-layout-flex wp-container-core-columns-is-layout-28f84493 wp-block-columns-is-layout-flex\">\n<div class=\"wp-block-column is-vertically-aligned-center is-layout-flow wp-block-column-is-layout-flow\">\n<figure class=\"wp-block-image aligncenter size-full\"><img loading=\"lazy\" decoding=\"async\" width=\"300\" height=\"300\" src=\"http:\/\/attbing.cluster121.hosting.ovh.net\/wp-content\/uploads\/2025\/12\/Geotub-300x300-2.png\" alt=\"\" class=\"wp-image-949\" srcset=\"https:\/\/dsmat.fr\/wp-content\/uploads\/2025\/12\/Geotub-300x300-2.png 300w, https:\/\/dsmat.fr\/wp-content\/uploads\/2025\/12\/Geotub-300x300-2-150x150.png 150w, https:\/\/dsmat.fr\/wp-content\/uploads\/2025\/12\/Geotub-300x300-2-230x230.png 230w\" sizes=\"auto, (max-width: 300px) 100vw, 300px\" \/><\/figure>\n<\/div>\n\n\n\n<div class=\"wp-block-column is-layout-flow wp-block-column-is-layout-flow\">\n<figure class=\"wp-block-image size-full\"><img loading=\"lazy\" decoding=\"async\" width=\"1920\" height=\"2560\" src=\"http:\/\/attbing.cluster121.hosting.ovh.net\/wp-content\/uploads\/2026\/01\/Geotub-1-scaled.jpg\" alt=\"\" class=\"wp-image-1671\" srcset=\"https:\/\/dsmat.fr\/wp-content\/uploads\/2026\/01\/Geotub-1-scaled.jpg 1920w, https:\/\/dsmat.fr\/wp-content\/uploads\/2026\/01\/Geotub-1-225x300.jpg 225w, https:\/\/dsmat.fr\/wp-content\/uploads\/2026\/01\/Geotub-1-768x1024.jpg 768w, https:\/\/dsmat.fr\/wp-content\/uploads\/2026\/01\/Geotub-1-1152x1536.jpg 1152w, https:\/\/dsmat.fr\/wp-content\/uploads\/2026\/01\/Geotub-1-1536x2048.jpg 1536w, https:\/\/dsmat.fr\/wp-content\/uploads\/2026\/01\/Geotub-1-1000x1333.jpg 1000w, https:\/\/dsmat.fr\/wp-content\/uploads\/2026\/01\/Geotub-1-230x307.jpg 230w, https:\/\/dsmat.fr\/wp-content\/uploads\/2026\/01\/Geotub-1-350x467.jpg 350w, https:\/\/dsmat.fr\/wp-content\/uploads\/2026\/01\/Geotub-1-480x640.jpg 480w\" sizes=\"auto, (max-width: 1920px) 100vw, 1920px\" \/><\/figure>\n<\/div>\n\n\n\n<div class=\"wp-block-column is-layout-flow wp-block-column-is-layout-flow\">\n<figure class=\"wp-block-image size-full\"><img loading=\"lazy\" decoding=\"async\" width=\"1080\" height=\"1440\" src=\"http:\/\/attbing.cluster121.hosting.ovh.net\/wp-content\/uploads\/2026\/01\/Geotub-2.jpg\" alt=\"\" class=\"wp-image-1672\" srcset=\"https:\/\/dsmat.fr\/wp-content\/uploads\/2026\/01\/Geotub-2.jpg 1080w, https:\/\/dsmat.fr\/wp-content\/uploads\/2026\/01\/Geotub-2-225x300.jpg 225w, https:\/\/dsmat.fr\/wp-content\/uploads\/2026\/01\/Geotub-2-768x1024.jpg 768w, https:\/\/dsmat.fr\/wp-content\/uploads\/2026\/01\/Geotub-2-1000x1333.jpg 1000w, https:\/\/dsmat.fr\/wp-content\/uploads\/2026\/01\/Geotub-2-230x307.jpg 230w, https:\/\/dsmat.fr\/wp-content\/uploads\/2026\/01\/Geotub-2-350x467.jpg 350w, https:\/\/dsmat.fr\/wp-content\/uploads\/2026\/01\/Geotub-2-480x640.jpg 480w\" sizes=\"auto, (max-width: 1080px) 100vw, 1080px\" \/><\/figure>\n<\/div>\n<\/div>\n\n\n\n<div style=\"height:25px\" aria-hidden=\"true\" class=\"wp-block-spacer\"><\/div>\n\n\n\n<p class=\"is-style-default has-medium-font-size\"><strong>Coffrage GEOTUB \u2013 La solution circulaire, pratique et durable<\/strong><\/p>\n\n\n\n<p>Le <strong>GEOTUB<\/strong> est un coffrage circulaire en plastique ABS haute r\u00e9sistance, sp\u00e9cialement con\u00e7u pour la r\u00e9alisation de poteaux et massifs en b\u00e9ton arm\u00e9. <strong>Innovant, l\u00e9ger et r\u00e9utilisable<\/strong>, il repr\u00e9sente une alternative moderne et durable aux coffrages traditionnels m\u00e9talliques ou cartons.<\/p>\n\n\n\n<p class=\"has-medium-font-size\"><strong>Pourquoi choisir GEOTUB ?<\/strong><\/p>\n\n\n\n<ul class=\"wp-block-list\">\n<li><strong>L\u00e9ger et maniable : <\/strong>chaque \u00e9l\u00e9ment est manipulable \u00e0 la main, sans engins de levage.<\/li>\n\n\n\n<li><strong>TMS&nbsp;: <\/strong>L\u2019\u00e9l\u00e9ment le plus lourd 10,43kg, la manipulation est simple et ergonomique, limitant la fatigue et contribuant \u00e0 <strong>r\u00e9duire le risque de troubles musculosquelettiques<\/strong><\/li>\n\n\n\n<li><strong>Montage rapide : <\/strong>un syst\u00e8me de verrouillage simple gr\u00e2ce \u00e0 notre poign\u00e9e type quart de tour.<\/li>\n\n\n\n<li><strong>R\u00e9utilisable et \u00e9conomique : I<\/strong>l supporte de nombreux cycles d\u2019utilisation et r\u00e9duit les co\u00fbts. Tout en \u00e9vident les d\u00e9chets volumineux du poteau en carton. &nbsp;<\/li>\n\n\n\n<li><strong>Robuste&nbsp;<\/strong>: pression b\u00e9ton admissible <strong>80KN\/m\u00b2<\/strong>.<\/li>\n\n\n\n<li><strong>Polyvalent : <\/strong>id\u00e9al pour poteaux circulaires, massifs, et compatible avec le GEOPANEL pour la r\u00e9alisation de poteaux oblongs. Il est aussi parfait pour les chemisages.&nbsp;<\/li>\n\n\n\n<li><strong>Durable&nbsp;: <\/strong>fabriqu\u00e9 en plastique <strong>100% recycl\u00e9 et 100% recyclable<\/strong>, il participe activement \u00e0 la r\u00e9duction des d\u00e9chets dans le secteur du BTP.<\/li>\n<\/ul>\n\n\n\n<p class=\"is-style-default has-medium-font-size\"><strong>Une seule poign\u00e9e \u00bc de tour pour l\u2019ensemble de nos coffrages.<\/strong><\/p>\n\n\n\n<ul class=\"wp-block-list\">\n<li><strong>Facile&nbsp;:<\/strong> Prise en mains ergonomique, installation facile \u00bc tour.&nbsp;<\/li>\n<\/ul>\n\n\n\n<ul class=\"wp-block-list\">\n<li><strong>S\u00e9curit\u00e9&nbsp;:<\/strong> Couleur <strong>ROUGE <\/strong>pour un contraste sur le noir du coffrage, facilitant le contr\u00f4le visuel de la pr\u00e9sence des poign\u00e9es.<\/li>\n<\/ul>\n\n\n\n<ul class=\"wp-block-list\">\n<li><strong>Intuitif&nbsp;:<\/strong> Aucun outillage n\u00e9cessaire pour le montage et le d\u00e9montage.&nbsp;<\/li>\n<\/ul>\n\n\n\n<ul class=\"wp-block-list\">\n<li><strong>Robuste&nbsp;:<\/strong> r\u00e9sistance \u00e0 la traction de <strong>1,2T, <\/strong>pour un poids de <strong>100g\/<\/strong>poign\u00e9e.<\/li>\n<\/ul>\n\n\n\n<div style=\"height:25px\" aria-hidden=\"true\" class=\"wp-block-spacer\"><\/div>\n\n\n\n<div class=\"wp-block-columns is-layout-flex wp-container-core-columns-is-layout-28f84493 wp-block-columns-is-layout-flex\">\n<div class=\"wp-block-column is-layout-flow wp-block-column-is-layout-flow\">\n<figure class=\"wp-block-image size-full\"><img loading=\"lazy\" decoding=\"async\" width=\"2560\" height=\"1705\" src=\"http:\/\/attbing.cluster121.hosting.ovh.net\/wp-content\/uploads\/2026\/01\/Geotub-3-scaled.jpg\" alt=\"\" class=\"wp-image-1673\" srcset=\"https:\/\/dsmat.fr\/wp-content\/uploads\/2026\/01\/Geotub-3-scaled.jpg 2560w, https:\/\/dsmat.fr\/wp-content\/uploads\/2026\/01\/Geotub-3-300x200.jpg 300w, https:\/\/dsmat.fr\/wp-content\/uploads\/2026\/01\/Geotub-3-1024x682.jpg 1024w, https:\/\/dsmat.fr\/wp-content\/uploads\/2026\/01\/Geotub-3-768x512.jpg 768w, https:\/\/dsmat.fr\/wp-content\/uploads\/2026\/01\/Geotub-3-1536x1023.jpg 1536w, https:\/\/dsmat.fr\/wp-content\/uploads\/2026\/01\/Geotub-3-2048x1364.jpg 2048w, https:\/\/dsmat.fr\/wp-content\/uploads\/2026\/01\/Geotub-3-1000x666.jpg 1000w, https:\/\/dsmat.fr\/wp-content\/uploads\/2026\/01\/Geotub-3-230x153.jpg 230w, https:\/\/dsmat.fr\/wp-content\/uploads\/2026\/01\/Geotub-3-350x233.jpg 350w, https:\/\/dsmat.fr\/wp-content\/uploads\/2026\/01\/Geotub-3-480x320.jpg 480w\" sizes=\"auto, (max-width: 2560px) 100vw, 2560px\" \/><\/figure>\n<\/div>\n\n\n\n<div class=\"wp-block-column is-layout-flow wp-block-column-is-layout-flow\">\n<figure class=\"wp-block-image size-full\"><img loading=\"lazy\" decoding=\"async\" width=\"2560\" height=\"1707\" src=\"http:\/\/attbing.cluster121.hosting.ovh.net\/wp-content\/uploads\/2026\/01\/Geotub-5-scaled.jpg\" alt=\"\" class=\"wp-image-1674\" srcset=\"https:\/\/dsmat.fr\/wp-content\/uploads\/2026\/01\/Geotub-5-scaled.jpg 2560w, https:\/\/dsmat.fr\/wp-content\/uploads\/2026\/01\/Geotub-5-300x200.jpg 300w, https:\/\/dsmat.fr\/wp-content\/uploads\/2026\/01\/Geotub-5-1024x683.jpg 1024w, https:\/\/dsmat.fr\/wp-content\/uploads\/2026\/01\/Geotub-5-768x512.jpg 768w, https:\/\/dsmat.fr\/wp-content\/uploads\/2026\/01\/Geotub-5-1536x1024.jpg 1536w, https:\/\/dsmat.fr\/wp-content\/uploads\/2026\/01\/Geotub-5-2048x1365.jpg 2048w, https:\/\/dsmat.fr\/wp-content\/uploads\/2026\/01\/Geotub-5-1000x667.jpg 1000w, https:\/\/dsmat.fr\/wp-content\/uploads\/2026\/01\/Geotub-5-230x153.jpg 230w, https:\/\/dsmat.fr\/wp-content\/uploads\/2026\/01\/Geotub-5-350x233.jpg 350w, https:\/\/dsmat.fr\/wp-content\/uploads\/2026\/01\/Geotub-5-480x320.jpg 480w\" sizes=\"auto, (max-width: 2560px) 100vw, 2560px\" \/><\/figure>\n<\/div>\n<\/div>\n","protected":false},"excerpt":{"rendered":"<p>Coffrage GEOTUB \u2013 La solution circulaire, pratique et durable Le GEOTUB est un coffrage circulaire en plastique ABS haute r\u00e9sistance, sp\u00e9cialement con\u00e7u pour la r\u00e9alisation [&hellip;]<\/p>\n","protected":false},"author":1,"featured_media":0,"parent":8,"menu_order":2,"comment_status":"closed","ping_status":"closed","template":"page-templates\/page_fullwidth.php","meta":{"footnotes":""},"class_list":["post-715","page","type-page","status-publish","hentry"],"_links":{"self":[{"href":"https:\/\/dsmat.fr\/index.php\/wp-json\/wp\/v2\/pages\/715","targetHints":{"allow":["GET"]}}],"collection":[{"href":"https:\/\/dsmat.fr\/index.php\/wp-json\/wp\/v2\/pages"}],"about":[{"href":"https:\/\/dsmat.fr\/index.php\/wp-json\/wp\/v2\/types\/page"}],"author":[{"embeddable":true,"href":"https:\/\/dsmat.fr\/index.php\/wp-json\/wp\/v2\/users\/1"}],"replies":[{"embeddable":true,"href":"https:\/\/dsmat.fr\/index.php\/wp-json\/wp\/v2\/comments?post=715"}],"version-history":[{"count":35,"href":"https:\/\/dsmat.fr\/index.php\/wp-json\/wp\/v2\/pages\/715\/revisions"}],"predecessor-version":[{"id":2191,"href":"https:\/\/dsmat.fr\/index.php\/wp-json\/wp\/v2\/pages\/715\/revisions\/2191"}],"up":[{"embeddable":true,"href":"https:\/\/dsmat.fr\/index.php\/wp-json\/wp\/v2\/pages\/8"}],"wp:attachment":[{"href":"https:\/\/dsmat.fr\/index.php\/wp-json\/wp\/v2\/media?parent=715"}],"curies":[{"name":"wp","href":"https:\/\/api.w.org\/{rel}","templated":true}]}}