{"id":713,"date":"2025-12-10T09:11:19","date_gmt":"2025-12-10T09:11:19","guid":{"rendered":"http:\/\/attbing.cluster121.hosting.ovh.net\/?page_id=713"},"modified":"2026-02-16T13:40:23","modified_gmt":"2026-02-16T13:40:23","slug":"geopanel","status":"publish","type":"page","link":"https:\/\/dsmat.fr\/index.php\/coffrage-manuportable\/geopanel\/","title":{"rendered":"GEOPANEL"},"content":{"rendered":"\n<div style=\"height:30px\" aria-hidden=\"true\" class=\"wp-block-spacer\"><\/div>\n\n\n\n<div class=\"wp-block-group alignwide has-global-padding is-content-justification-center is-layout-constrained wp-block-group-is-layout-constrained\">\n<div class=\"wp-block-group is-content-justification-center is-layout-flex wp-container-core-group-is-layout-b02886af wp-block-group-is-layout-flex\"><h1 style=\"font-size:50px;\" class=\"has-text-align-center wp-block-post-title\">GEOPANEL<\/h1>\n\n\n<figure class=\"wp-block-image aligncenter size-full is-resized\"><img loading=\"lazy\" decoding=\"async\" width=\"933\" height=\"210\" src=\"http:\/\/attbing.cluster121.hosting.ovh.net\/wp-content\/uploads\/2025\/12\/GEO-2.png\" alt=\"\" class=\"wp-image-1096\" style=\"aspect-ratio:4.442882249560633;width:89px;height:auto\" srcset=\"https:\/\/dsmat.fr\/wp-content\/uploads\/2025\/12\/GEO-2.png 933w, https:\/\/dsmat.fr\/wp-content\/uploads\/2025\/12\/GEO-2-300x68.png 300w, https:\/\/dsmat.fr\/wp-content\/uploads\/2025\/12\/GEO-2-768x173.png 768w, https:\/\/dsmat.fr\/wp-content\/uploads\/2025\/12\/GEO-2-230x52.png 230w, https:\/\/dsmat.fr\/wp-content\/uploads\/2025\/12\/GEO-2-350x79.png 350w, https:\/\/dsmat.fr\/wp-content\/uploads\/2025\/12\/GEO-2-480x108.png 480w\" sizes=\"auto, (max-width: 933px) 100vw, 933px\" \/><\/figure>\n\n\n\n<div class=\"wp-block-buttons is-content-justification-center is-layout-flex wp-container-core-buttons-is-layout-b5994976 wp-block-buttons-is-layout-flex\">\n<div class=\"wp-block-button\"><a class=\"wp-block-button__link wp-element-button\" href=\"https:\/\/dsmat.fr\/wp-content\/uploads\/2026\/01\/Geoplast-Coffrage-Catalog-France-1.pdf\">t\u00e9l\u00e9charger le catalogue<\/a><\/div>\n<\/div>\n<\/div>\n<\/div>\n\n\n\n<div style=\"height:30px\" aria-hidden=\"true\" class=\"wp-block-spacer\"><\/div>\n\n\n\n<hr class=\"wp-block-separator has-text-color has-global-color-2-color has-alpha-channel-opacity has-global-color-2-background-color has-background is-style-default\"\/>\n\n\n\n<div style=\"height:30px\" aria-hidden=\"true\" class=\"wp-block-spacer\"><\/div>\n\n\n\n<div class=\"wp-block-columns are-vertically-aligned-center is-layout-flex wp-container-core-columns-is-layout-28f84493 wp-block-columns-is-layout-flex\">\n<div class=\"wp-block-column is-vertically-aligned-center is-layout-flow wp-block-column-is-layout-flow\">\n<figure class=\"wp-block-gallery aligncenter has-nested-images columns-default is-cropped wp-block-gallery-1 is-layout-flex wp-block-gallery-is-layout-flex\">\n<figure class=\"wp-block-image aligncenter size-full\"><img loading=\"lazy\" decoding=\"async\" width=\"300\" height=\"300\" data-id=\"946\" src=\"http:\/\/attbing.cluster121.hosting.ovh.net\/wp-content\/uploads\/2025\/12\/Geopanel-300x300-2.png\" alt=\"geopanel ds mat\" class=\"wp-image-946\" srcset=\"https:\/\/dsmat.fr\/wp-content\/uploads\/2025\/12\/Geopanel-300x300-2.png 300w, https:\/\/dsmat.fr\/wp-content\/uploads\/2025\/12\/Geopanel-300x300-2-150x150.png 150w, https:\/\/dsmat.fr\/wp-content\/uploads\/2025\/12\/Geopanel-300x300-2-230x230.png 230w\" sizes=\"auto, (max-width: 300px) 100vw, 300px\" \/><\/figure>\n<\/figure>\n<\/div>\n\n\n\n<div class=\"wp-block-column is-vertically-aligned-center is-layout-flow wp-block-column-is-layout-flow\">\n<figure class=\"wp-block-gallery has-nested-images columns-default is-cropped wp-block-gallery-2 is-layout-flex wp-block-gallery-is-layout-flex\">\n<figure class=\"wp-block-image size-full\"><img loading=\"lazy\" decoding=\"async\" width=\"1920\" height=\"2560\" data-id=\"1657\" src=\"http:\/\/attbing.cluster121.hosting.ovh.net\/wp-content\/uploads\/2026\/01\/Geopanel-1-Bis-scaled.jpg\" alt=\"geopanel ds mat\" class=\"wp-image-1657\" srcset=\"https:\/\/dsmat.fr\/wp-content\/uploads\/2026\/01\/Geopanel-1-Bis-scaled.jpg 1920w, https:\/\/dsmat.fr\/wp-content\/uploads\/2026\/01\/Geopanel-1-Bis-225x300.jpg 225w, https:\/\/dsmat.fr\/wp-content\/uploads\/2026\/01\/Geopanel-1-Bis-768x1024.jpg 768w, https:\/\/dsmat.fr\/wp-content\/uploads\/2026\/01\/Geopanel-1-Bis-1152x1536.jpg 1152w, https:\/\/dsmat.fr\/wp-content\/uploads\/2026\/01\/Geopanel-1-Bis-1536x2048.jpg 1536w, https:\/\/dsmat.fr\/wp-content\/uploads\/2026\/01\/Geopanel-1-Bis-1000x1333.jpg 1000w, https:\/\/dsmat.fr\/wp-content\/uploads\/2026\/01\/Geopanel-1-Bis-230x307.jpg 230w, https:\/\/dsmat.fr\/wp-content\/uploads\/2026\/01\/Geopanel-1-Bis-350x467.jpg 350w, https:\/\/dsmat.fr\/wp-content\/uploads\/2026\/01\/Geopanel-1-Bis-480x640.jpg 480w\" sizes=\"auto, (max-width: 1920px) 100vw, 1920px\" \/><\/figure>\n<\/figure>\n<\/div>\n\n\n\n<div class=\"wp-block-column is-vertically-aligned-center is-layout-flow wp-block-column-is-layout-flow\">\n<figure class=\"wp-block-gallery has-nested-images columns-default is-cropped wp-block-gallery-3 is-layout-flex wp-block-gallery-is-layout-flex\">\n<figure class=\"wp-block-image size-full\"><img loading=\"lazy\" decoding=\"async\" width=\"1920\" height=\"2560\" data-id=\"1659\" src=\"http:\/\/attbing.cluster121.hosting.ovh.net\/wp-content\/uploads\/2026\/01\/Geopanel-1-scaled.jpg\" alt=\"geopanel ds mat\" class=\"wp-image-1659\" srcset=\"https:\/\/dsmat.fr\/wp-content\/uploads\/2026\/01\/Geopanel-1-scaled.jpg 1920w, https:\/\/dsmat.fr\/wp-content\/uploads\/2026\/01\/Geopanel-1-225x300.jpg 225w, https:\/\/dsmat.fr\/wp-content\/uploads\/2026\/01\/Geopanel-1-768x1024.jpg 768w, https:\/\/dsmat.fr\/wp-content\/uploads\/2026\/01\/Geopanel-1-1152x1536.jpg 1152w, https:\/\/dsmat.fr\/wp-content\/uploads\/2026\/01\/Geopanel-1-1536x2048.jpg 1536w, https:\/\/dsmat.fr\/wp-content\/uploads\/2026\/01\/Geopanel-1-1000x1333.jpg 1000w, https:\/\/dsmat.fr\/wp-content\/uploads\/2026\/01\/Geopanel-1-230x307.jpg 230w, https:\/\/dsmat.fr\/wp-content\/uploads\/2026\/01\/Geopanel-1-350x467.jpg 350w, https:\/\/dsmat.fr\/wp-content\/uploads\/2026\/01\/Geopanel-1-480x640.jpg 480w\" sizes=\"auto, (max-width: 1920px) 100vw, 1920px\" \/><\/figure>\n<\/figure>\n<\/div>\n<\/div>\n\n\n\n<div style=\"height:25px\" aria-hidden=\"true\" class=\"wp-block-spacer\"><\/div>\n\n\n\n<p class=\"is-style-default has-medium-font-size\"><strong>Coffrage GEOPANEL \u2013 Simplicit\u00e9, l\u00e9g\u00e8ret\u00e9 et performance sur vos chantiers<\/strong><\/p>\n\n\n\n<p>Le coffrage <strong>GEOPANEL <\/strong>est un syst\u00e8me manuportable modulaire en plastique ABS haute r\u00e9sistance.&nbsp; Sa conception innovante permet d\u2019allier <strong>l\u00e9g\u00e8ret\u00e9, robustesse et durabilit\u00e9<\/strong>, offrant une alternative moderne et responsable aux coffrages traditionnels.<\/p>\n\n\n\n<p class=\"has-medium-font-size\"><strong>Pourquoi choisir GEOPANEL ?<\/strong><\/p>\n\n\n\n<ul class=\"wp-block-list\">\n<li><strong>L\u00e9ger et facile \u00e0 manipuler<\/strong> : Chaque panneau peut \u00eatre d\u00e9plac\u00e9 \u00e0 la main, sans engins de levage<\/li>\n\n\n\n<li><strong>TMS&nbsp;:<\/strong> El\u00e9ment le plus lourd <strong>10,38kg<\/strong>, la manipulation est simple et ergonomique, limitant la fatigue et contribuant \u00e0 <strong>r\u00e9duire le risque de troubles musculosquelettiques<\/strong><\/li>\n\n\n\n<li><strong>Montage rapide<\/strong> : un syst\u00e8me de verrouillage simple gr\u00e2ce \u00e0 notre poign\u00e9e type quart de tour.<\/li>\n\n\n\n<li><strong>\u00c9conomique et r\u00e9utilisable<\/strong> :&nbsp; Les coffrages peuvent \u00eatre r\u00e9utilis\u00e9s plus de 100 fois s&rsquo;ils sont correctement install\u00e9s et entretenus.<\/li>\n\n\n\n<li><strong>Robuste&nbsp;<\/strong>: pression b\u00e9ton admissible <strong>60KN\/m\u00b2<\/strong>.<\/li>\n\n\n\n<li><strong>Polyvalent<\/strong> : Mur, longrine, poutre, clavetage, r\u00e9paration, reprise en sous \u0153uvre etc\u2026<\/li>\n\n\n\n<li><strong>Durable&nbsp;: <\/strong>fabriqu\u00e9 en plastique <strong>100% recycl\u00e9 et 100% recyclable<\/strong>, il participe activement \u00e0 la r\u00e9duction des d\u00e9chets dans le secteur du BTP.<\/li>\n<\/ul>\n\n\n\n<p class=\"is-style-default has-medium-font-size\"><strong>Une seule poign\u00e9e \u00bc de tour pour l\u2019ensemble de nos coffrages.<\/strong><\/p>\n\n\n\n<ul class=\"wp-block-list\">\n<li><strong>Facile&nbsp;:<\/strong> Prise en main ergonomique, installation facile \u00bc tour.&nbsp;<\/li>\n<\/ul>\n\n\n\n<ul class=\"wp-block-list\">\n<li><strong>S\u00e9curit\u00e9&nbsp;:<\/strong> Couleur <strong>ROUGE <\/strong>pour un contraste sur le noir du coffrage, facilitant le contr\u00f4le visuel de la pr\u00e9sence des poign\u00e9es.<\/li>\n<\/ul>\n\n\n\n<ul class=\"wp-block-list\">\n<li><strong>Intuitif&nbsp;:<\/strong> Aucun outillage n\u00e9cessaire pour le montage et le d\u00e9montage.&nbsp;<\/li>\n<\/ul>\n\n\n\n<ul class=\"wp-block-list\">\n<li><strong>Robuste&nbsp;:<\/strong> r\u00e9sistance \u00e0 la traction de <strong>1,2T, <\/strong>pour un poids de <strong>100g\/<\/strong>poign\u00e9e.<\/li>\n<\/ul>\n\n\n\n<div style=\"height:25px\" aria-hidden=\"true\" class=\"wp-block-spacer\"><\/div>\n\n\n\n<div class=\"wp-block-columns is-layout-flex wp-container-core-columns-is-layout-28f84493 wp-block-columns-is-layout-flex\">\n<div class=\"wp-block-column is-layout-flow wp-block-column-is-layout-flow\">\n<figure class=\"wp-block-gallery has-nested-images columns-default is-cropped wp-block-gallery-4 is-layout-flex wp-block-gallery-is-layout-flex\">\n<figure class=\"wp-block-image size-full\"><img loading=\"lazy\" decoding=\"async\" width=\"2048\" height=\"1536\" data-id=\"1660\" src=\"http:\/\/attbing.cluster121.hosting.ovh.net\/wp-content\/uploads\/2026\/01\/Geopanel-2.jpg\" alt=\"geopanel ds mat\" class=\"wp-image-1660\" srcset=\"https:\/\/dsmat.fr\/wp-content\/uploads\/2026\/01\/Geopanel-2.jpg 2048w, https:\/\/dsmat.fr\/wp-content\/uploads\/2026\/01\/Geopanel-2-300x225.jpg 300w, https:\/\/dsmat.fr\/wp-content\/uploads\/2026\/01\/Geopanel-2-1024x768.jpg 1024w, https:\/\/dsmat.fr\/wp-content\/uploads\/2026\/01\/Geopanel-2-768x576.jpg 768w, https:\/\/dsmat.fr\/wp-content\/uploads\/2026\/01\/Geopanel-2-1536x1152.jpg 1536w, https:\/\/dsmat.fr\/wp-content\/uploads\/2026\/01\/Geopanel-2-1000x750.jpg 1000w, https:\/\/dsmat.fr\/wp-content\/uploads\/2026\/01\/Geopanel-2-230x173.jpg 230w, https:\/\/dsmat.fr\/wp-content\/uploads\/2026\/01\/Geopanel-2-350x263.jpg 350w, https:\/\/dsmat.fr\/wp-content\/uploads\/2026\/01\/Geopanel-2-480x360.jpg 480w\" sizes=\"auto, (max-width: 2048px) 100vw, 2048px\" \/><\/figure>\n<\/figure>\n<\/div>\n\n\n\n<div class=\"wp-block-column is-layout-flow wp-block-column-is-layout-flow\">\n<figure class=\"wp-block-gallery has-nested-images columns-default is-cropped wp-block-gallery-5 is-layout-flex wp-block-gallery-is-layout-flex\">\n<figure class=\"wp-block-image size-full\"><img loading=\"lazy\" decoding=\"async\" width=\"754\" height=\"553\" data-id=\"2192\" src=\"https:\/\/dsmat.fr\/wp-content\/uploads\/2026\/02\/Geopanel.png\" alt=\"geopanel ds mat\" class=\"wp-image-2192\" srcset=\"https:\/\/dsmat.fr\/wp-content\/uploads\/2026\/02\/Geopanel.png 754w, https:\/\/dsmat.fr\/wp-content\/uploads\/2026\/02\/Geopanel-300x220.png 300w, https:\/\/dsmat.fr\/wp-content\/uploads\/2026\/02\/Geopanel-230x169.png 230w, https:\/\/dsmat.fr\/wp-content\/uploads\/2026\/02\/Geopanel-350x257.png 350w, https:\/\/dsmat.fr\/wp-content\/uploads\/2026\/02\/Geopanel-480x352.png 480w\" sizes=\"auto, (max-width: 754px) 100vw, 754px\" \/><\/figure>\n<\/figure>\n<\/div>\n\n\n\n<div class=\"wp-block-column is-layout-flow wp-block-column-is-layout-flow\">\n<figure class=\"wp-block-gallery has-nested-images columns-default is-cropped wp-block-gallery-6 is-layout-flex wp-block-gallery-is-layout-flex\">\n<figure class=\"wp-block-image size-full\"><img loading=\"lazy\" decoding=\"async\" width=\"760\" height=\"576\" data-id=\"2194\" src=\"https:\/\/dsmat.fr\/wp-content\/uploads\/2026\/02\/GeopanelO.png\" alt=\"geopanel ds mat\" class=\"wp-image-2194\" srcset=\"https:\/\/dsmat.fr\/wp-content\/uploads\/2026\/02\/GeopanelO.png 760w, https:\/\/dsmat.fr\/wp-content\/uploads\/2026\/02\/GeopanelO-300x227.png 300w, https:\/\/dsmat.fr\/wp-content\/uploads\/2026\/02\/GeopanelO-230x174.png 230w, https:\/\/dsmat.fr\/wp-content\/uploads\/2026\/02\/GeopanelO-350x265.png 350w, https:\/\/dsmat.fr\/wp-content\/uploads\/2026\/02\/GeopanelO-480x364.png 480w\" sizes=\"auto, (max-width: 760px) 100vw, 760px\" \/><\/figure>\n<\/figure>\n<\/div>\n<\/div>\n","protected":false},"excerpt":{"rendered":"<p>Coffrage GEOPANEL \u2013 Simplicit\u00e9, l\u00e9g\u00e8ret\u00e9 et performance sur vos chantiers Le coffrage GEOPANEL est un syst\u00e8me manuportable modulaire en plastique ABS haute r\u00e9sistance.&nbsp; Sa conception [&hellip;]<\/p>\n","protected":false},"author":1,"featured_media":0,"parent":8,"menu_order":1,"comment_status":"closed","ping_status":"closed","template":"page-templates\/page_fullwidth.php","meta":{"footnotes":""},"class_list":["post-713","page","type-page","status-publish","hentry"],"_links":{"self":[{"href":"https:\/\/dsmat.fr\/index.php\/wp-json\/wp\/v2\/pages\/713","targetHints":{"allow":["GET"]}}],"collection":[{"href":"https:\/\/dsmat.fr\/index.php\/wp-json\/wp\/v2\/pages"}],"about":[{"href":"https:\/\/dsmat.fr\/index.php\/wp-json\/wp\/v2\/types\/page"}],"author":[{"embeddable":true,"href":"https:\/\/dsmat.fr\/index.php\/wp-json\/wp\/v2\/users\/1"}],"replies":[{"embeddable":true,"href":"https:\/\/dsmat.fr\/index.php\/wp-json\/wp\/v2\/comments?post=713"}],"version-history":[{"count":59,"href":"https:\/\/dsmat.fr\/index.php\/wp-json\/wp\/v2\/pages\/713\/revisions"}],"predecessor-version":[{"id":2316,"href":"https:\/\/dsmat.fr\/index.php\/wp-json\/wp\/v2\/pages\/713\/revisions\/2316"}],"up":[{"embeddable":true,"href":"https:\/\/dsmat.fr\/index.php\/wp-json\/wp\/v2\/pages\/8"}],"wp:attachment":[{"href":"https:\/\/dsmat.fr\/index.php\/wp-json\/wp\/v2\/media?parent=713"}],"curies":[{"name":"wp","href":"https:\/\/api.w.org\/{rel}","templated":true}]}}