{"id":1824,"date":"2026-01-20T10:29:21","date_gmt":"2026-01-20T10:29:21","guid":{"rendered":"http:\/\/attbing.cluster121.hosting.ovh.net\/?page_id=1824"},"modified":"2026-02-16T13:36:53","modified_gmt":"2026-02-16T13:36:53","slug":"geocell","status":"publish","type":"page","link":"https:\/\/dsmat.fr\/index.php\/gestion-des-eaux\/geocell\/","title":{"rendered":"GEOCELL"},"content":{"rendered":"\n<div style=\"height:30px\" aria-hidden=\"true\" class=\"wp-block-spacer\"><\/div>\n\n\n\n<div class=\"wp-block-group alignwide has-global-padding is-content-justification-center is-layout-constrained wp-block-group-is-layout-constrained\">\n<div class=\"wp-block-group is-content-justification-center is-layout-flex wp-container-core-group-is-layout-b02886af wp-block-group-is-layout-flex\"><h1 style=\"font-size:50px;\" class=\"has-text-align-center wp-block-post-title\">GEOCELL<\/h1>\n\n\n<figure class=\"wp-block-image aligncenter size-full is-resized\"><img loading=\"lazy\" decoding=\"async\" width=\"933\" height=\"210\" src=\"http:\/\/attbing.cluster121.hosting.ovh.net\/wp-content\/uploads\/2025\/12\/GEO-2.png\" alt=\"\" class=\"wp-image-1096\" style=\"aspect-ratio:4.442882249560633;width:89px;height:auto\" srcset=\"https:\/\/dsmat.fr\/wp-content\/uploads\/2025\/12\/GEO-2.png 933w, https:\/\/dsmat.fr\/wp-content\/uploads\/2025\/12\/GEO-2-300x68.png 300w, https:\/\/dsmat.fr\/wp-content\/uploads\/2025\/12\/GEO-2-768x173.png 768w, https:\/\/dsmat.fr\/wp-content\/uploads\/2025\/12\/GEO-2-230x52.png 230w, https:\/\/dsmat.fr\/wp-content\/uploads\/2025\/12\/GEO-2-350x79.png 350w, https:\/\/dsmat.fr\/wp-content\/uploads\/2025\/12\/GEO-2-480x108.png 480w\" sizes=\"auto, (max-width: 933px) 100vw, 933px\" \/><\/figure>\n\n\n\n<div class=\"wp-block-buttons is-content-justification-center is-layout-flex wp-container-core-buttons-is-layout-b5994976 wp-block-buttons-is-layout-flex\">\n<div class=\"wp-block-button\"><a class=\"wp-block-button__link wp-element-button\" href=\"https:\/\/dsmat.fr\/wp-content\/uploads\/2025\/12\/Geoplast-Eau-Catalogue-Francais-1.pdf\">t\u00e9l\u00e9charger le catalogue<\/a><\/div>\n<\/div>\n<\/div>\n<\/div>\n\n\n\n<div style=\"height:30px\" aria-hidden=\"true\" class=\"wp-block-spacer\"><\/div>\n\n\n\n<hr class=\"wp-block-separator has-text-color has-global-color-2-color has-alpha-channel-opacity has-global-color-2-background-color has-background\"\/>\n\n\n\n<div style=\"height:30px\" aria-hidden=\"true\" class=\"wp-block-spacer\"><\/div>\n\n\n\n<div class=\"wp-block-columns are-vertically-aligned-center is-layout-flex wp-container-core-columns-is-layout-28f84493 wp-block-columns-is-layout-flex\">\n<div class=\"wp-block-column is-vertically-aligned-center is-layout-flow wp-block-column-is-layout-flow\">\n<figure class=\"wp-block-image aligncenter size-full is-resized\"><img loading=\"lazy\" decoding=\"async\" width=\"600\" height=\"600\" src=\"http:\/\/attbing.cluster121.hosting.ovh.net\/wp-content\/uploads\/2026\/01\/Geocell-1.png\" alt=\"geocell ds mat\" class=\"wp-image-1652\" style=\"width:218px;height:auto\" srcset=\"https:\/\/dsmat.fr\/wp-content\/uploads\/2026\/01\/Geocell-1.png 600w, https:\/\/dsmat.fr\/wp-content\/uploads\/2026\/01\/Geocell-1-300x300.png 300w, https:\/\/dsmat.fr\/wp-content\/uploads\/2026\/01\/Geocell-1-150x150.png 150w, https:\/\/dsmat.fr\/wp-content\/uploads\/2026\/01\/Geocell-1-230x230.png 230w, https:\/\/dsmat.fr\/wp-content\/uploads\/2026\/01\/Geocell-1-350x350.png 350w, https:\/\/dsmat.fr\/wp-content\/uploads\/2026\/01\/Geocell-1-480x480.png 480w\" sizes=\"auto, (max-width: 600px) 100vw, 600px\" \/><\/figure>\n<\/div>\n\n\n\n<div class=\"wp-block-column is-vertically-aligned-center is-layout-flow wp-block-column-is-layout-flow\">\n<figure class=\"wp-block-image size-full\"><img loading=\"lazy\" decoding=\"async\" width=\"1240\" height=\"500\" src=\"http:\/\/attbing.cluster121.hosting.ovh.net\/wp-content\/uploads\/2026\/01\/Geocell-5.jpg\" alt=\"geocell ds mat\" class=\"wp-image-1828\" srcset=\"https:\/\/dsmat.fr\/wp-content\/uploads\/2026\/01\/Geocell-5.jpg 1240w, https:\/\/dsmat.fr\/wp-content\/uploads\/2026\/01\/Geocell-5-300x121.jpg 300w, https:\/\/dsmat.fr\/wp-content\/uploads\/2026\/01\/Geocell-5-1024x413.jpg 1024w, https:\/\/dsmat.fr\/wp-content\/uploads\/2026\/01\/Geocell-5-768x310.jpg 768w, https:\/\/dsmat.fr\/wp-content\/uploads\/2026\/01\/Geocell-5-1000x403.jpg 1000w, https:\/\/dsmat.fr\/wp-content\/uploads\/2026\/01\/Geocell-5-230x93.jpg 230w, https:\/\/dsmat.fr\/wp-content\/uploads\/2026\/01\/Geocell-5-350x141.jpg 350w, https:\/\/dsmat.fr\/wp-content\/uploads\/2026\/01\/Geocell-5-480x194.jpg 480w\" sizes=\"auto, (max-width: 1240px) 100vw, 1240px\" \/><\/figure>\n<\/div>\n<\/div>\n\n\n\n<div style=\"height:25px\" aria-hidden=\"true\" class=\"wp-block-spacer\"><\/div>\n\n\n\n<p class=\"has-medium-font-size\"><br><strong>GEOCELL<\/strong> de Geoplast est un <strong>panneau modulaire en polypropyl\u00e8ne recycl\u00e9<\/strong> destin\u00e9 \u00e0 la <strong>gestion et au drainage des eaux pluviales<\/strong>.<\/p>\n\n\n\n<p class=\"has-medium-font-size\"><br>Il permet un <strong>\u00e9coulement vertical et horizontal de l\u2019eau<\/strong>, \u00e9vitant la stagnation sous les surfaces pav\u00e9es ou v\u00e9g\u00e9talis\u00e9es.<br>Gr\u00e2ce \u00e0 son <strong>fort taux de vide<\/strong>, il assure une excellente capacit\u00e9 drainante m\u00eame sur sols peu perm\u00e9ables.<br>L\u00e9ger, r\u00e9sistant et facile \u00e0 poser, il peut <strong>remplacer les couches de gravier traditionnelles<\/strong>.<br>GEOCELL est une <strong>solution durable<\/strong> utilis\u00e9e sous voiries, terrasses, parkings et am\u00e9nagements paysagers.<\/p>\n\n\n\n<p><br><\/p>\n\n\n\n<p class=\"has-black-color has-text-color has-link-color has-medium-font-size wp-elements-d1df7d96da6c18ae341c7ab41d59293c\"><strong>Vous avez un projet ?<\/strong><br>Notre \u00e9quipe vous accompagne de l\u2019\u00e9tude \u00e0 la r\u00e9alisation pour concevoir une solution sur mesure, fiable et adapt\u00e9e \u00e0 vos contraintes techniques et environnementales.<\/p>\n\n\n\n<div style=\"height:25px\" aria-hidden=\"true\" class=\"wp-block-spacer\"><\/div>\n\n\n\n<div class=\"wp-block-columns is-layout-flex wp-container-core-columns-is-layout-28f84493 wp-block-columns-is-layout-flex\">\n<div class=\"wp-block-column is-layout-flow wp-block-column-is-layout-flow\">\n<figure class=\"wp-block-image size-full\"><img loading=\"lazy\" decoding=\"async\" width=\"1240\" height=\"782\" src=\"http:\/\/attbing.cluster121.hosting.ovh.net\/wp-content\/uploads\/2026\/01\/Geocell-1-1.jpg\" alt=\"geocell ds mat\" class=\"wp-image-1831\" srcset=\"https:\/\/dsmat.fr\/wp-content\/uploads\/2026\/01\/Geocell-1-1.jpg 1240w, https:\/\/dsmat.fr\/wp-content\/uploads\/2026\/01\/Geocell-1-1-300x189.jpg 300w, https:\/\/dsmat.fr\/wp-content\/uploads\/2026\/01\/Geocell-1-1-1024x646.jpg 1024w, https:\/\/dsmat.fr\/wp-content\/uploads\/2026\/01\/Geocell-1-1-768x484.jpg 768w, https:\/\/dsmat.fr\/wp-content\/uploads\/2026\/01\/Geocell-1-1-1000x631.jpg 1000w, https:\/\/dsmat.fr\/wp-content\/uploads\/2026\/01\/Geocell-1-1-230x145.jpg 230w, https:\/\/dsmat.fr\/wp-content\/uploads\/2026\/01\/Geocell-1-1-350x221.jpg 350w, https:\/\/dsmat.fr\/wp-content\/uploads\/2026\/01\/Geocell-1-1-480x303.jpg 480w\" sizes=\"auto, (max-width: 1240px) 100vw, 1240px\" \/><\/figure>\n<\/div>\n\n\n\n<div class=\"wp-block-column is-layout-flow wp-block-column-is-layout-flow\">\n<figure class=\"wp-block-image size-full\"><img loading=\"lazy\" decoding=\"async\" width=\"763\" height=\"484\" src=\"https:\/\/dsmat.fr\/wp-content\/uploads\/2026\/02\/Geocell-0.jpg\" alt=\"geocell ds mat\" class=\"wp-image-2268\" srcset=\"https:\/\/dsmat.fr\/wp-content\/uploads\/2026\/02\/Geocell-0.jpg 763w, https:\/\/dsmat.fr\/wp-content\/uploads\/2026\/02\/Geocell-0-300x190.jpg 300w, https:\/\/dsmat.fr\/wp-content\/uploads\/2026\/02\/Geocell-0-230x146.jpg 230w, https:\/\/dsmat.fr\/wp-content\/uploads\/2026\/02\/Geocell-0-350x222.jpg 350w, https:\/\/dsmat.fr\/wp-content\/uploads\/2026\/02\/Geocell-0-480x304.jpg 480w\" sizes=\"auto, (max-width: 763px) 100vw, 763px\" \/><\/figure>\n<\/div>\n\n\n\n<div class=\"wp-block-column is-layout-flow wp-block-column-is-layout-flow\">\n<figure class=\"wp-block-image size-full\"><img loading=\"lazy\" decoding=\"async\" width=\"762\" height=\"484\" src=\"https:\/\/dsmat.fr\/wp-content\/uploads\/2026\/02\/Geocell-300.jpg\" alt=\"geocell ds mat\" class=\"wp-image-2269\" srcset=\"https:\/\/dsmat.fr\/wp-content\/uploads\/2026\/02\/Geocell-300.jpg 762w, https:\/\/dsmat.fr\/wp-content\/uploads\/2026\/02\/Geocell-300-300x191.jpg 300w, https:\/\/dsmat.fr\/wp-content\/uploads\/2026\/02\/Geocell-300-230x146.jpg 230w, https:\/\/dsmat.fr\/wp-content\/uploads\/2026\/02\/Geocell-300-350x222.jpg 350w, https:\/\/dsmat.fr\/wp-content\/uploads\/2026\/02\/Geocell-300-480x305.jpg 480w\" sizes=\"auto, (max-width: 762px) 100vw, 762px\" \/><\/figure>\n<\/div>\n<\/div>\n","protected":false},"excerpt":{"rendered":"<p>GEOCELL de Geoplast est un panneau modulaire en polypropyl\u00e8ne recycl\u00e9 destin\u00e9 \u00e0 la gestion et au drainage des eaux pluviales. Il permet un \u00e9coulement vertical [&hellip;]<\/p>\n","protected":false},"author":1,"featured_media":0,"parent":12,"menu_order":4,"comment_status":"closed","ping_status":"closed","template":"","meta":{"footnotes":""},"class_list":["post-1824","page","type-page","status-publish","hentry"],"_links":{"self":[{"href":"https:\/\/dsmat.fr\/index.php\/wp-json\/wp\/v2\/pages\/1824","targetHints":{"allow":["GET"]}}],"collection":[{"href":"https:\/\/dsmat.fr\/index.php\/wp-json\/wp\/v2\/pages"}],"about":[{"href":"https:\/\/dsmat.fr\/index.php\/wp-json\/wp\/v2\/types\/page"}],"author":[{"embeddable":true,"href":"https:\/\/dsmat.fr\/index.php\/wp-json\/wp\/v2\/users\/1"}],"replies":[{"embeddable":true,"href":"https:\/\/dsmat.fr\/index.php\/wp-json\/wp\/v2\/comments?post=1824"}],"version-history":[{"count":17,"href":"https:\/\/dsmat.fr\/index.php\/wp-json\/wp\/v2\/pages\/1824\/revisions"}],"predecessor-version":[{"id":2310,"href":"https:\/\/dsmat.fr\/index.php\/wp-json\/wp\/v2\/pages\/1824\/revisions\/2310"}],"up":[{"embeddable":true,"href":"https:\/\/dsmat.fr\/index.php\/wp-json\/wp\/v2\/pages\/12"}],"wp:attachment":[{"href":"https:\/\/dsmat.fr\/index.php\/wp-json\/wp\/v2\/media?parent=1824"}],"curies":[{"name":"wp","href":"https:\/\/api.w.org\/{rel}","templated":true}]}}