{"id":1392,"date":"2025-12-18T14:49:13","date_gmt":"2025-12-18T14:49:13","guid":{"rendered":"http:\/\/attbing.cluster121.hosting.ovh.net\/?page_id=1392"},"modified":"2026-02-16T13:36:39","modified_gmt":"2026-02-16T13:36:39","slug":"drening","status":"publish","type":"page","link":"https:\/\/dsmat.fr\/index.php\/gestion-des-eaux\/drening\/","title":{"rendered":"DRENING"},"content":{"rendered":"\n<div style=\"height:30px\" aria-hidden=\"true\" class=\"wp-block-spacer\"><\/div>\n\n\n\n<div class=\"wp-block-group alignwide has-global-padding is-content-justification-center is-layout-constrained wp-block-group-is-layout-constrained\">\n<div class=\"wp-block-group is-content-justification-center is-layout-flex wp-container-core-group-is-layout-b02886af wp-block-group-is-layout-flex\"><h1 style=\"font-size:50px;\" class=\"has-text-align-center wp-block-post-title\">DRENING<\/h1>\n\n\n<figure class=\"wp-block-image aligncenter size-full is-resized\"><img loading=\"lazy\" decoding=\"async\" width=\"933\" height=\"210\" src=\"http:\/\/attbing.cluster121.hosting.ovh.net\/wp-content\/uploads\/2025\/12\/GEO-2.png\" alt=\"\" class=\"wp-image-1096\" style=\"aspect-ratio:4.442882249560633;width:89px;height:auto\" srcset=\"https:\/\/dsmat.fr\/wp-content\/uploads\/2025\/12\/GEO-2.png 933w, https:\/\/dsmat.fr\/wp-content\/uploads\/2025\/12\/GEO-2-300x68.png 300w, https:\/\/dsmat.fr\/wp-content\/uploads\/2025\/12\/GEO-2-768x173.png 768w, https:\/\/dsmat.fr\/wp-content\/uploads\/2025\/12\/GEO-2-230x52.png 230w, https:\/\/dsmat.fr\/wp-content\/uploads\/2025\/12\/GEO-2-350x79.png 350w, https:\/\/dsmat.fr\/wp-content\/uploads\/2025\/12\/GEO-2-480x108.png 480w\" sizes=\"auto, (max-width: 933px) 100vw, 933px\" \/><\/figure>\n\n\n\n<div class=\"wp-block-buttons is-content-justification-center is-layout-flex wp-container-core-buttons-is-layout-b5994976 wp-block-buttons-is-layout-flex\">\n<div class=\"wp-block-button\"><a class=\"wp-block-button__link wp-element-button\" href=\"https:\/\/dsmat.fr\/wp-content\/uploads\/2025\/12\/Geoplast-Eau-Catalogue-Francais-1.pdf\">t\u00e9l\u00e9charger le catalogue<\/a><\/div>\n<\/div>\n<\/div>\n<\/div>\n\n\n\n<div style=\"height:30px\" aria-hidden=\"true\" class=\"wp-block-spacer\"><\/div>\n\n\n\n<hr class=\"wp-block-separator has-text-color has-global-color-2-color has-alpha-channel-opacity has-global-color-2-background-color has-background\"\/>\n\n\n\n<div style=\"height:30px\" aria-hidden=\"true\" class=\"wp-block-spacer\"><\/div>\n\n\n\n<div class=\"wp-block-columns are-vertically-aligned-center is-layout-flex wp-container-core-columns-is-layout-28f84493 wp-block-columns-is-layout-flex\">\n<div class=\"wp-block-column is-vertically-aligned-center is-layout-flow wp-block-column-is-layout-flow\">\n<figure class=\"wp-block-image aligncenter size-full\"><img loading=\"lazy\" decoding=\"async\" width=\"300\" height=\"300\" src=\"http:\/\/attbing.cluster121.hosting.ovh.net\/wp-content\/uploads\/2025\/12\/Drening-300x300-1.png\" alt=\"drening ds mat\" class=\"wp-image-955\" srcset=\"https:\/\/dsmat.fr\/wp-content\/uploads\/2025\/12\/Drening-300x300-1.png 300w, https:\/\/dsmat.fr\/wp-content\/uploads\/2025\/12\/Drening-300x300-1-150x150.png 150w, https:\/\/dsmat.fr\/wp-content\/uploads\/2025\/12\/Drening-300x300-1-230x230.png 230w\" sizes=\"auto, (max-width: 300px) 100vw, 300px\" \/><\/figure>\n<\/div>\n\n\n\n<div class=\"wp-block-column is-vertically-aligned-center is-layout-flow wp-block-column-is-layout-flow\">\n<figure class=\"wp-block-image size-full\"><img loading=\"lazy\" decoding=\"async\" width=\"900\" height=\"600\" src=\"http:\/\/attbing.cluster121.hosting.ovh.net\/wp-content\/uploads\/2026\/01\/Drening-5.jpg\" alt=\"drening ds mat\" class=\"wp-image-1793\" srcset=\"https:\/\/dsmat.fr\/wp-content\/uploads\/2026\/01\/Drening-5.jpg 900w, https:\/\/dsmat.fr\/wp-content\/uploads\/2026\/01\/Drening-5-300x200.jpg 300w, https:\/\/dsmat.fr\/wp-content\/uploads\/2026\/01\/Drening-5-768x512.jpg 768w, https:\/\/dsmat.fr\/wp-content\/uploads\/2026\/01\/Drening-5-230x153.jpg 230w, https:\/\/dsmat.fr\/wp-content\/uploads\/2026\/01\/Drening-5-350x233.jpg 350w, https:\/\/dsmat.fr\/wp-content\/uploads\/2026\/01\/Drening-5-480x320.jpg 480w\" sizes=\"auto, (max-width: 900px) 100vw, 900px\" \/><\/figure>\n<\/div>\n<\/div>\n\n\n\n<div style=\"height:25px\" aria-hidden=\"true\" class=\"wp-block-spacer\"><\/div>\n\n\n\n<p class=\"has-medium-font-size\"><strong>Drening \u2013 Syst\u00e8me drainant par \u00e9pandage de Geoplast<\/strong><\/p>\n\n\n\n<p><br>Le syst\u00e8me <strong>Drening<\/strong> de Geoplast est une solution innovante de drainage par \u00e9pandage, sp\u00e9cialement con\u00e7ue pour optimiser la gestion des eaux pluviales. Sa structure modulable et l\u00e9g\u00e8re permet une infiltration uniforme de l\u2019eau, r\u00e9duisant les risques de stagnation et prot\u00e9geant durablement vos surfaces. <\/p>\n\n\n\n<p>Facile \u00e0 installer, il s\u2019adapte \u00e0 diff\u00e9rents types de projets et assure une performance fiable dans le temps. Con\u00e7u pour allier efficacit\u00e9, durabilit\u00e9 et respect de l\u2019environnement, Drening repr\u00e9sente un choix intelligent pour tout projet n\u00e9cessitant un drainage performant et discret. <\/p>\n\n\n\n<p>Avec ce syst\u00e8me, Geoplast combine innovation technique et simplicit\u00e9 d\u2019usage pour des am\u00e9nagements \u00e0 la fois fonctionnels et esth\u00e9tiques.<\/p>\n\n\n\n<p class=\"has-black-color has-text-color has-link-color wp-elements-c5b660530664b2266d89e439c4d31c9f\"><strong>Vous avez un projet ?<\/strong><br>Notre \u00e9quipe vous accompagne de l\u2019\u00e9tude \u00e0 la r\u00e9alisation pour concevoir une solution sur mesure, fiable et adapt\u00e9e \u00e0 vos contraintes techniques et environnementales.<\/p>\n\n\n\n<div style=\"height:25px\" aria-hidden=\"true\" class=\"wp-block-spacer\"><\/div>\n\n\n\n<div class=\"wp-block-columns is-layout-flex wp-container-core-columns-is-layout-28f84493 wp-block-columns-is-layout-flex\">\n<div class=\"wp-block-column is-layout-flow wp-block-column-is-layout-flow\">\n<figure class=\"wp-block-image size-full\"><img loading=\"lazy\" decoding=\"async\" width=\"1240\" height=\"824\" src=\"http:\/\/attbing.cluster121.hosting.ovh.net\/wp-content\/uploads\/2026\/01\/Drening-3.jpg\" alt=\"drening ds mat\" class=\"wp-image-1794\" srcset=\"https:\/\/dsmat.fr\/wp-content\/uploads\/2026\/01\/Drening-3.jpg 1240w, https:\/\/dsmat.fr\/wp-content\/uploads\/2026\/01\/Drening-3-300x199.jpg 300w, https:\/\/dsmat.fr\/wp-content\/uploads\/2026\/01\/Drening-3-1024x680.jpg 1024w, https:\/\/dsmat.fr\/wp-content\/uploads\/2026\/01\/Drening-3-768x510.jpg 768w, https:\/\/dsmat.fr\/wp-content\/uploads\/2026\/01\/Drening-3-1000x665.jpg 1000w, https:\/\/dsmat.fr\/wp-content\/uploads\/2026\/01\/Drening-3-230x153.jpg 230w, https:\/\/dsmat.fr\/wp-content\/uploads\/2026\/01\/Drening-3-350x233.jpg 350w, https:\/\/dsmat.fr\/wp-content\/uploads\/2026\/01\/Drening-3-480x319.jpg 480w\" sizes=\"auto, (max-width: 1240px) 100vw, 1240px\" \/><\/figure>\n<\/div>\n\n\n\n<div class=\"wp-block-column is-layout-flow wp-block-column-is-layout-flow\">\n<figure class=\"wp-block-image size-full\"><img loading=\"lazy\" decoding=\"async\" width=\"1240\" height=\"824\" src=\"http:\/\/attbing.cluster121.hosting.ovh.net\/wp-content\/uploads\/2026\/01\/Drening-2.jpg\" alt=\"drening ds mat\" class=\"wp-image-1795\" srcset=\"https:\/\/dsmat.fr\/wp-content\/uploads\/2026\/01\/Drening-2.jpg 1240w, https:\/\/dsmat.fr\/wp-content\/uploads\/2026\/01\/Drening-2-300x199.jpg 300w, https:\/\/dsmat.fr\/wp-content\/uploads\/2026\/01\/Drening-2-1024x680.jpg 1024w, https:\/\/dsmat.fr\/wp-content\/uploads\/2026\/01\/Drening-2-768x510.jpg 768w, https:\/\/dsmat.fr\/wp-content\/uploads\/2026\/01\/Drening-2-1000x665.jpg 1000w, https:\/\/dsmat.fr\/wp-content\/uploads\/2026\/01\/Drening-2-230x153.jpg 230w, https:\/\/dsmat.fr\/wp-content\/uploads\/2026\/01\/Drening-2-350x233.jpg 350w, https:\/\/dsmat.fr\/wp-content\/uploads\/2026\/01\/Drening-2-480x319.jpg 480w\" sizes=\"auto, (max-width: 1240px) 100vw, 1240px\" \/><\/figure>\n<\/div>\n\n\n\n<div class=\"wp-block-column is-layout-flow wp-block-column-is-layout-flow\">\n<figure class=\"wp-block-image size-full\"><img loading=\"lazy\" decoding=\"async\" width=\"1240\" height=\"824\" src=\"http:\/\/attbing.cluster121.hosting.ovh.net\/wp-content\/uploads\/2026\/01\/Drening-4.jpg\" alt=\"drening ds mat\" class=\"wp-image-1796\" srcset=\"https:\/\/dsmat.fr\/wp-content\/uploads\/2026\/01\/Drening-4.jpg 1240w, https:\/\/dsmat.fr\/wp-content\/uploads\/2026\/01\/Drening-4-300x199.jpg 300w, https:\/\/dsmat.fr\/wp-content\/uploads\/2026\/01\/Drening-4-1024x680.jpg 1024w, https:\/\/dsmat.fr\/wp-content\/uploads\/2026\/01\/Drening-4-768x510.jpg 768w, https:\/\/dsmat.fr\/wp-content\/uploads\/2026\/01\/Drening-4-1000x665.jpg 1000w, https:\/\/dsmat.fr\/wp-content\/uploads\/2026\/01\/Drening-4-230x153.jpg 230w, https:\/\/dsmat.fr\/wp-content\/uploads\/2026\/01\/Drening-4-350x233.jpg 350w, https:\/\/dsmat.fr\/wp-content\/uploads\/2026\/01\/Drening-4-480x319.jpg 480w\" sizes=\"auto, (max-width: 1240px) 100vw, 1240px\" \/><\/figure>\n<\/div>\n<\/div>\n","protected":false},"excerpt":{"rendered":"<p>Drening \u2013 Syst\u00e8me drainant par \u00e9pandage de Geoplast Le syst\u00e8me Drening de Geoplast est une solution innovante de drainage par \u00e9pandage, sp\u00e9cialement con\u00e7ue pour optimiser [&hellip;]<\/p>\n","protected":false},"author":1,"featured_media":0,"parent":12,"menu_order":3,"comment_status":"closed","ping_status":"closed","template":"page-templates\/page_fullwidth.php","meta":{"footnotes":""},"class_list":["post-1392","page","type-page","status-publish","hentry"],"_links":{"self":[{"href":"https:\/\/dsmat.fr\/index.php\/wp-json\/wp\/v2\/pages\/1392","targetHints":{"allow":["GET"]}}],"collection":[{"href":"https:\/\/dsmat.fr\/index.php\/wp-json\/wp\/v2\/pages"}],"about":[{"href":"https:\/\/dsmat.fr\/index.php\/wp-json\/wp\/v2\/types\/page"}],"author":[{"embeddable":true,"href":"https:\/\/dsmat.fr\/index.php\/wp-json\/wp\/v2\/users\/1"}],"replies":[{"embeddable":true,"href":"https:\/\/dsmat.fr\/index.php\/wp-json\/wp\/v2\/comments?post=1392"}],"version-history":[{"count":31,"href":"https:\/\/dsmat.fr\/index.php\/wp-json\/wp\/v2\/pages\/1392\/revisions"}],"predecessor-version":[{"id":2313,"href":"https:\/\/dsmat.fr\/index.php\/wp-json\/wp\/v2\/pages\/1392\/revisions\/2313"}],"up":[{"embeddable":true,"href":"https:\/\/dsmat.fr\/index.php\/wp-json\/wp\/v2\/pages\/12"}],"wp:attachment":[{"href":"https:\/\/dsmat.fr\/index.php\/wp-json\/wp\/v2\/media?parent=1392"}],"curies":[{"name":"wp","href":"https:\/\/api.w.org\/{rel}","templated":true}]}}