{"id":1388,"date":"2025-12-18T14:48:18","date_gmt":"2025-12-18T14:48:18","guid":{"rendered":"http:\/\/attbing.cluster121.hosting.ovh.net\/?page_id=1388"},"modified":"2026-02-16T13:37:07","modified_gmt":"2026-02-16T13:37:07","slug":"aquabox","status":"publish","type":"page","link":"https:\/\/dsmat.fr\/index.php\/gestion-des-eaux\/aquabox\/","title":{"rendered":"AQUABOX"},"content":{"rendered":"\n<div style=\"height:30px\" aria-hidden=\"true\" class=\"wp-block-spacer\"><\/div>\n\n\n\n<div class=\"wp-block-group alignwide has-global-padding is-content-justification-center is-layout-constrained wp-block-group-is-layout-constrained\">\n<div class=\"wp-block-group is-content-justification-center is-layout-flex wp-container-core-group-is-layout-b02886af wp-block-group-is-layout-flex\"><h1 style=\"font-size:50px;\" class=\"has-text-align-center wp-block-post-title\">AQUABOX<\/h1>\n\n\n<figure class=\"wp-block-image aligncenter size-full is-resized\"><img loading=\"lazy\" decoding=\"async\" width=\"933\" height=\"210\" src=\"http:\/\/attbing.cluster121.hosting.ovh.net\/wp-content\/uploads\/2025\/12\/GEO-2.png\" alt=\"\" class=\"wp-image-1096\" style=\"aspect-ratio:4.442882249560633;width:89px;height:auto\" srcset=\"https:\/\/dsmat.fr\/wp-content\/uploads\/2025\/12\/GEO-2.png 933w, https:\/\/dsmat.fr\/wp-content\/uploads\/2025\/12\/GEO-2-300x68.png 300w, https:\/\/dsmat.fr\/wp-content\/uploads\/2025\/12\/GEO-2-768x173.png 768w, https:\/\/dsmat.fr\/wp-content\/uploads\/2025\/12\/GEO-2-230x52.png 230w, https:\/\/dsmat.fr\/wp-content\/uploads\/2025\/12\/GEO-2-350x79.png 350w, https:\/\/dsmat.fr\/wp-content\/uploads\/2025\/12\/GEO-2-480x108.png 480w\" sizes=\"auto, (max-width: 933px) 100vw, 933px\" \/><\/figure>\n\n\n\n<div class=\"wp-block-buttons is-content-justification-center is-layout-flex wp-container-core-buttons-is-layout-b5994976 wp-block-buttons-is-layout-flex\">\n<div class=\"wp-block-button\"><a class=\"wp-block-button__link wp-element-button\" href=\"https:\/\/dsmat.fr\/wp-content\/uploads\/2025\/12\/Geoplast-Eau-Catalogue-Francais-1.pdf\">t\u00e9l\u00e9charger le catalogue<\/a><\/div>\n<\/div>\n<\/div>\n<\/div>\n\n\n\n<div style=\"height:30px\" aria-hidden=\"true\" class=\"wp-block-spacer\"><\/div>\n\n\n\n<hr class=\"wp-block-separator has-text-color has-global-color-2-color has-alpha-channel-opacity has-global-color-2-background-color has-background\"\/>\n\n\n\n<div style=\"height:30px\" aria-hidden=\"true\" class=\"wp-block-spacer\"><\/div>\n\n\n\n<div class=\"wp-block-columns are-vertically-aligned-center is-layout-flex wp-container-core-columns-is-layout-28f84493 wp-block-columns-is-layout-flex\">\n<div class=\"wp-block-column is-vertically-aligned-center is-layout-flow wp-block-column-is-layout-flow\">\n<figure class=\"wp-block-image aligncenter size-full is-resized\"><img loading=\"lazy\" decoding=\"async\" width=\"300\" height=\"300\" src=\"http:\/\/attbing.cluster121.hosting.ovh.net\/wp-content\/uploads\/2025\/12\/Aquabox-300x300-1.png\" alt=\"aquabox ds mat\" class=\"wp-image-953\" style=\"width:179px;height:auto\" srcset=\"https:\/\/dsmat.fr\/wp-content\/uploads\/2025\/12\/Aquabox-300x300-1.png 300w, https:\/\/dsmat.fr\/wp-content\/uploads\/2025\/12\/Aquabox-300x300-1-150x150.png 150w, https:\/\/dsmat.fr\/wp-content\/uploads\/2025\/12\/Aquabox-300x300-1-230x230.png 230w\" sizes=\"auto, (max-width: 300px) 100vw, 300px\" \/><\/figure>\n<\/div>\n\n\n\n<div class=\"wp-block-column is-vertically-aligned-center is-layout-flow wp-block-column-is-layout-flow\">\n<figure class=\"wp-block-image size-full\"><img loading=\"lazy\" decoding=\"async\" width=\"1240\" height=\"500\" src=\"http:\/\/attbing.cluster121.hosting.ovh.net\/wp-content\/uploads\/2026\/01\/Aquabox-1.jpg\" alt=\"aquabox ds mat\" class=\"wp-image-1779\" srcset=\"https:\/\/dsmat.fr\/wp-content\/uploads\/2026\/01\/Aquabox-1.jpg 1240w, https:\/\/dsmat.fr\/wp-content\/uploads\/2026\/01\/Aquabox-1-300x121.jpg 300w, https:\/\/dsmat.fr\/wp-content\/uploads\/2026\/01\/Aquabox-1-1024x413.jpg 1024w, https:\/\/dsmat.fr\/wp-content\/uploads\/2026\/01\/Aquabox-1-768x310.jpg 768w, https:\/\/dsmat.fr\/wp-content\/uploads\/2026\/01\/Aquabox-1-1000x403.jpg 1000w, https:\/\/dsmat.fr\/wp-content\/uploads\/2026\/01\/Aquabox-1-230x93.jpg 230w, https:\/\/dsmat.fr\/wp-content\/uploads\/2026\/01\/Aquabox-1-350x141.jpg 350w, https:\/\/dsmat.fr\/wp-content\/uploads\/2026\/01\/Aquabox-1-480x194.jpg 480w\" sizes=\"auto, (max-width: 1240px) 100vw, 1240px\" \/><\/figure>\n<\/div>\n<\/div>\n\n\n\n<div style=\"height:25px\" aria-hidden=\"true\" class=\"wp-block-spacer\"><\/div>\n\n\n\n<p><strong>Aquabox Geoplast \u2013 Le bassin inspectable nouvelle g\u00e9n\u00e9ration pour vos projets d\u2019am\u00e9nagement<\/strong><\/p>\n\n\n\n<p>Optimisez la gestion des eaux pluviales avec <strong>Aquabox Geoplast<\/strong>, un <strong>bassin inspectable<\/strong> innovant con\u00e7u pour <strong>stocker et\/ou infiltrer efficacement de grands volumes d\u2019eau<\/strong>, tout en garantissant un acc\u00e8s facilit\u00e9 pour l\u2019inspection et la maintenance. <\/p>\n\n\n\n<p>Cette conception intelligente assure des performances durables et une parfaite ma\u00eetrise du fonctionnement de l\u2019ouvrage dans le temps.<\/p>\n\n\n\n<p>Gr\u00e2ce \u00e0 sa structure modulaire, l\u00e9g\u00e8re et extr\u00eamement r\u00e9sistante, Aquabox s\u2019int\u00e8gre facilement sous <strong>parkings, voiries, zones industrielles ou espaces verts<\/strong>, sans contrainte technique majeure. Fabriqu\u00e9 \u00e0 partir de mat\u00e9riaux recycl\u00e9s, il r\u00e9pond aux enjeux environnementaux actuels et s\u2019adapte \u00e0 une grande vari\u00e9t\u00e9 de configurations de projets.<\/p>\n\n\n\n<div class=\"wp-block-columns is-layout-flex wp-container-core-columns-is-layout-28f84493 wp-block-columns-is-layout-flex\">\n<div class=\"wp-block-column is-layout-flow wp-block-column-is-layout-flow\">\n<figure class=\"wp-block-image size-full\"><img loading=\"lazy\" decoding=\"async\" width=\"2500\" height=\"1406\" src=\"http:\/\/attbing.cluster121.hosting.ovh.net\/wp-content\/uploads\/2026\/01\/Aquabox-3.jpg\" alt=\"aquabox ds mat\" class=\"wp-image-1781\" srcset=\"https:\/\/dsmat.fr\/wp-content\/uploads\/2026\/01\/Aquabox-3.jpg 2500w, https:\/\/dsmat.fr\/wp-content\/uploads\/2026\/01\/Aquabox-3-300x169.jpg 300w, https:\/\/dsmat.fr\/wp-content\/uploads\/2026\/01\/Aquabox-3-1024x576.jpg 1024w, https:\/\/dsmat.fr\/wp-content\/uploads\/2026\/01\/Aquabox-3-768x432.jpg 768w, https:\/\/dsmat.fr\/wp-content\/uploads\/2026\/01\/Aquabox-3-1536x864.jpg 1536w, https:\/\/dsmat.fr\/wp-content\/uploads\/2026\/01\/Aquabox-3-2048x1152.jpg 2048w, https:\/\/dsmat.fr\/wp-content\/uploads\/2026\/01\/Aquabox-3-1000x562.jpg 1000w, https:\/\/dsmat.fr\/wp-content\/uploads\/2026\/01\/Aquabox-3-230x129.jpg 230w, https:\/\/dsmat.fr\/wp-content\/uploads\/2026\/01\/Aquabox-3-350x197.jpg 350w, https:\/\/dsmat.fr\/wp-content\/uploads\/2026\/01\/Aquabox-3-480x270.jpg 480w\" sizes=\"auto, (max-width: 2500px) 100vw, 2500px\" \/><\/figure>\n<\/div>\n\n\n\n<div class=\"wp-block-column is-layout-flow wp-block-column-is-layout-flow\">\n<figure class=\"wp-block-image size-full\"><img loading=\"lazy\" decoding=\"async\" width=\"766\" height=\"433\" src=\"https:\/\/dsmat.fr\/wp-content\/uploads\/2026\/02\/Aquabox.jpg\" alt=\"aquabox ds mat\" class=\"wp-image-2256\" srcset=\"https:\/\/dsmat.fr\/wp-content\/uploads\/2026\/02\/Aquabox.jpg 766w, https:\/\/dsmat.fr\/wp-content\/uploads\/2026\/02\/Aquabox-300x170.jpg 300w, https:\/\/dsmat.fr\/wp-content\/uploads\/2026\/02\/Aquabox-230x130.jpg 230w, https:\/\/dsmat.fr\/wp-content\/uploads\/2026\/02\/Aquabox-350x198.jpg 350w, https:\/\/dsmat.fr\/wp-content\/uploads\/2026\/02\/Aquabox-480x271.jpg 480w\" sizes=\"auto, (max-width: 766px) 100vw, 766px\" \/><\/figure>\n<\/div>\n\n\n\n<div class=\"wp-block-column is-layout-flow wp-block-column-is-layout-flow\">\n<figure class=\"wp-block-image size-full\"><img loading=\"lazy\" decoding=\"async\" width=\"768\" height=\"432\" src=\"https:\/\/dsmat.fr\/wp-content\/uploads\/2026\/02\/Aquaboxee.jpg\" alt=\"aquabox ds mat\" class=\"wp-image-2257\" srcset=\"https:\/\/dsmat.fr\/wp-content\/uploads\/2026\/02\/Aquaboxee.jpg 768w, https:\/\/dsmat.fr\/wp-content\/uploads\/2026\/02\/Aquaboxee-300x169.jpg 300w, https:\/\/dsmat.fr\/wp-content\/uploads\/2026\/02\/Aquaboxee-230x129.jpg 230w, https:\/\/dsmat.fr\/wp-content\/uploads\/2026\/02\/Aquaboxee-350x197.jpg 350w, https:\/\/dsmat.fr\/wp-content\/uploads\/2026\/02\/Aquaboxee-480x270.jpg 480w\" sizes=\"auto, (max-width: 768px) 100vw, 768px\" \/><\/figure>\n<\/div>\n<\/div>\n\n\n\n<p><\/p>\n","protected":false},"excerpt":{"rendered":"<p>Aquabox Geoplast \u2013 Le bassin inspectable nouvelle g\u00e9n\u00e9ration pour vos projets d\u2019am\u00e9nagement Optimisez la gestion des eaux pluviales avec Aquabox Geoplast, un bassin inspectable innovant [&hellip;]<\/p>\n","protected":false},"author":1,"featured_media":0,"parent":12,"menu_order":1,"comment_status":"closed","ping_status":"closed","template":"page-templates\/page_fullwidth.php","meta":{"footnotes":""},"class_list":["post-1388","page","type-page","status-publish","hentry"],"_links":{"self":[{"href":"https:\/\/dsmat.fr\/index.php\/wp-json\/wp\/v2\/pages\/1388","targetHints":{"allow":["GET"]}}],"collection":[{"href":"https:\/\/dsmat.fr\/index.php\/wp-json\/wp\/v2\/pages"}],"about":[{"href":"https:\/\/dsmat.fr\/index.php\/wp-json\/wp\/v2\/types\/page"}],"author":[{"embeddable":true,"href":"https:\/\/dsmat.fr\/index.php\/wp-json\/wp\/v2\/users\/1"}],"replies":[{"embeddable":true,"href":"https:\/\/dsmat.fr\/index.php\/wp-json\/wp\/v2\/comments?post=1388"}],"version-history":[{"count":21,"href":"https:\/\/dsmat.fr\/index.php\/wp-json\/wp\/v2\/pages\/1388\/revisions"}],"predecessor-version":[{"id":2311,"href":"https:\/\/dsmat.fr\/index.php\/wp-json\/wp\/v2\/pages\/1388\/revisions\/2311"}],"up":[{"embeddable":true,"href":"https:\/\/dsmat.fr\/index.php\/wp-json\/wp\/v2\/pages\/12"}],"wp:attachment":[{"href":"https:\/\/dsmat.fr\/index.php\/wp-json\/wp\/v2\/media?parent=1388"}],"curies":[{"name":"wp","href":"https:\/\/api.w.org\/{rel}","templated":true}]}}