{"id":12,"date":"2025-12-09T11:11:49","date_gmt":"2025-12-09T11:11:49","guid":{"rendered":"http:\/\/attbing.cluster121.hosting.ovh.net\/?page_id=12"},"modified":"2026-03-30T11:51:26","modified_gmt":"2026-03-30T11:51:26","slug":"gestion-des-eaux","status":"publish","type":"page","link":"https:\/\/dsmat.fr\/index.php\/gestion-des-eaux\/","title":{"rendered":"GESTION DES EAUX"},"content":{"rendered":"\n<div class=\"wp-block-columns is-layout-flex wp-container-core-columns-is-layout-28f84493 wp-block-columns-is-layout-flex\">\n<div class=\"wp-block-column is-layout-flow wp-block-column-is-layout-flow\" style=\"flex-basis:100%\"><h2 class=\"has-text-align-center wp-block-post-title\">GESTION DES EAUX<\/h2>\n\n\n<figure class=\"wp-block-image aligncenter size-full is-resized\"><img loading=\"lazy\" decoding=\"async\" width=\"933\" height=\"210\" src=\"http:\/\/attbing.cluster121.hosting.ovh.net\/wp-content\/uploads\/2025\/12\/GEO-2.png\" alt=\"\" class=\"wp-image-1096\" style=\"width:342px\" srcset=\"https:\/\/dsmat.fr\/wp-content\/uploads\/2025\/12\/GEO-2.png 933w, https:\/\/dsmat.fr\/wp-content\/uploads\/2025\/12\/GEO-2-300x68.png 300w, https:\/\/dsmat.fr\/wp-content\/uploads\/2025\/12\/GEO-2-768x173.png 768w, https:\/\/dsmat.fr\/wp-content\/uploads\/2025\/12\/GEO-2-230x52.png 230w, https:\/\/dsmat.fr\/wp-content\/uploads\/2025\/12\/GEO-2-350x79.png 350w, https:\/\/dsmat.fr\/wp-content\/uploads\/2025\/12\/GEO-2-480x108.png 480w\" sizes=\"auto, (max-width: 933px) 100vw, 933px\" \/><\/figure>\n<\/div>\n<\/div>\n\n\n\n<div class=\"wp-block-columns is-layout-flex wp-container-core-columns-is-layout-28f84493 wp-block-columns-is-layout-flex\" style=\"border-top-left-radius:26px;border-top-right-radius:26px;border-bottom-left-radius:26px;border-bottom-right-radius:26px\">\n<div class=\"wp-block-column has-background is-layout-flow wp-block-column-is-layout-flow\" style=\"border-top-left-radius:11px;border-top-right-radius:11px;border-bottom-left-radius:11px;border-bottom-right-radius:11px;background-color:#119ddb\">\n<h4 class=\"wp-block-heading has-text-align-center is-style-default has-global-color-1-color has-text-color has-link-color has-large-font-size wp-elements-95eca66465243e45dbae62b4f9b956a3\">AQUABOX<\/h4>\n\n\n\n<div style=\"height:10px\" aria-hidden=\"true\" class=\"wp-block-spacer\"><\/div>\n\n\n\n<h6 class=\"wp-block-heading has-text-align-center has-global-color-6-color has-text-color has-link-color has-medium-font-size wp-elements-d8c7e88833d6ab1b0c87baa0abb67d2e\">Stockage ou infiltration<\/h6>\n\n\n\n<figure class=\"wp-block-image aligncenter size-full is-resized\"><a href=\"https:\/\/dsmat.fr\/index.php\/gestion-des-eaux\/aquabox\/\"><img loading=\"lazy\" decoding=\"async\" width=\"300\" height=\"300\" src=\"http:\/\/attbing.cluster121.hosting.ovh.net\/wp-content\/uploads\/2025\/12\/Aquabox-300x300-1.png\" alt=\"\" class=\"wp-image-953\" style=\"width:163px\" srcset=\"https:\/\/dsmat.fr\/wp-content\/uploads\/2025\/12\/Aquabox-300x300-1.png 300w, https:\/\/dsmat.fr\/wp-content\/uploads\/2025\/12\/Aquabox-300x300-1-150x150.png 150w, https:\/\/dsmat.fr\/wp-content\/uploads\/2025\/12\/Aquabox-300x300-1-230x230.png 230w\" sizes=\"auto, (max-width: 300px) 100vw, 300px\" \/><\/a><\/figure>\n\n\n\n<div class=\"wp-block-columns is-layout-flex wp-container-core-columns-is-layout-65eef5bf wp-block-columns-is-layout-flex\" style=\"border-top-left-radius:0px;border-top-right-radius:0px;border-bottom-left-radius:0px;border-bottom-right-radius:0px\">\n<div class=\"wp-block-column is-vertically-aligned-center is-layout-flow wp-block-column-is-layout-flow\">\n<ul class=\"wp-block-list has-global-color-9-color has-text-color has-link-color wp-elements-deaa8ee2bf596c92e55bd608b5cafe40\">\n<li class=\"has-global-color-6-color has-text-color has-link-color wp-elements-eae4132f9c84bb0898aecbeef0ffd2bf\">Solution modulaire de gestion des eaux pluviales<\/li>\n<\/ul>\n<\/div>\n<\/div>\n<\/div>\n\n\n\n<div class=\"wp-block-column has-background is-layout-flow wp-block-column-is-layout-flow\" style=\"border-top-left-radius:11px;border-top-right-radius:11px;border-bottom-left-radius:11px;border-bottom-right-radius:11px;background-color:#119ddb\">\n<h4 class=\"wp-block-heading has-text-align-center has-global-color-1-color has-text-color has-link-color has-large-font-size wp-elements-ce66f5a68768f07fb5d62b8ba3d1f625\">ELEVETOR TANK<\/h4>\n\n\n\n<h6 class=\"wp-block-heading has-text-align-center has-global-color-6-color has-text-color has-link-color has-medium-font-size wp-elements-82d55ed7bee55fb2335e73c084c61c86\">R\u00e9servoir en b\u00e9ton<\/h6>\n\n\n\n<figure class=\"wp-block-image aligncenter size-full is-resized\"><a href=\"https:\/\/dsmat.fr\/index.php\/gestion-des-eaux\/elevator-tank\/\"><img loading=\"lazy\" decoding=\"async\" width=\"300\" height=\"300\" src=\"http:\/\/attbing.cluster121.hosting.ovh.net\/wp-content\/uploads\/2025\/12\/New-Elevetor-base-standard-MM-300x300-1.png\" alt=\"\" class=\"wp-image-954\" style=\"width:163px\" srcset=\"https:\/\/dsmat.fr\/wp-content\/uploads\/2025\/12\/New-Elevetor-base-standard-MM-300x300-1.png 300w, https:\/\/dsmat.fr\/wp-content\/uploads\/2025\/12\/New-Elevetor-base-standard-MM-300x300-1-150x150.png 150w, https:\/\/dsmat.fr\/wp-content\/uploads\/2025\/12\/New-Elevetor-base-standard-MM-300x300-1-230x230.png 230w\" sizes=\"auto, (max-width: 300px) 100vw, 300px\" \/><\/a><\/figure>\n\n\n\n<div class=\"wp-block-columns are-vertically-aligned-center is-layout-flex wp-container-core-columns-is-layout-28f84493 wp-block-columns-is-layout-flex\" style=\"border-top-left-radius:0px;border-top-right-radius:0px;border-bottom-left-radius:0px;border-bottom-right-radius:0px\">\n<div class=\"wp-block-column is-vertically-aligned-center is-layout-flow wp-block-column-is-layout-flow\">\n<ul class=\"wp-block-list has-global-color-9-color has-text-color has-link-color wp-elements-bf1191e9397ec9cddd7232b0dd0d1409\">\n<li class=\"has-global-color-6-color has-text-color has-link-color wp-elements-2d79dc034f126d3abca2304499c5c3c5\">El\u00e9ment pour la r\u00e9alisation de r\u00e9servoirs en b\u00e9ton pour la collecte des eaux pluviales<\/li>\n<\/ul>\n<\/div>\n<\/div>\n<\/div>\n\n\n\n<div class=\"wp-block-column has-background is-layout-flow wp-block-column-is-layout-flow\" style=\"border-top-left-radius:11px;border-top-right-radius:11px;border-bottom-left-radius:11px;border-bottom-right-radius:11px;background-color:#119ddb\">\n<h4 class=\"wp-block-heading has-text-align-center has-global-color-1-color has-text-color has-link-color has-large-font-size wp-elements-42f20faf6a0497ecd16b32aa844d8bd2\">DRENING<\/h4>\n\n\n\n<div style=\"height:10px\" aria-hidden=\"true\" class=\"wp-block-spacer\"><\/div>\n\n\n\n<h6 class=\"wp-block-heading has-text-align-center has-global-color-6-color has-text-color has-link-color has-medium-font-size wp-elements-827fd91992189f2c8082b58b3e5b3535\">Grandes surfaces<\/h6>\n\n\n\n<figure class=\"wp-block-image aligncenter size-full is-resized has-custom-border\"><a href=\"https:\/\/dsmat.fr\/index.php\/gestion-des-eaux\/drening\/\"><img loading=\"lazy\" decoding=\"async\" width=\"300\" height=\"300\" src=\"http:\/\/attbing.cluster121.hosting.ovh.net\/wp-content\/uploads\/2025\/12\/Drening-300x300-1.png\" alt=\"\" class=\"wp-image-955\" style=\"border-style:none;border-width:0px;width:163px\" srcset=\"https:\/\/dsmat.fr\/wp-content\/uploads\/2025\/12\/Drening-300x300-1.png 300w, https:\/\/dsmat.fr\/wp-content\/uploads\/2025\/12\/Drening-300x300-1-150x150.png 150w, https:\/\/dsmat.fr\/wp-content\/uploads\/2025\/12\/Drening-300x300-1-230x230.png 230w\" sizes=\"auto, (max-width: 300px) 100vw, 300px\" \/><\/a><\/figure>\n\n\n\n<div class=\"wp-block-columns is-layout-flex wp-container-core-columns-is-layout-65eef5bf wp-block-columns-is-layout-flex\" style=\"border-top-left-radius:11px;border-top-right-radius:11px;border-bottom-left-radius:11px;border-bottom-right-radius:11px\">\n<div class=\"wp-block-column is-vertically-aligned-center is-layout-flow wp-block-column-is-layout-flow\">\n<ul class=\"wp-block-list has-global-color-9-color has-text-color has-link-color wp-elements-7494cfb1bf40eb01795742213b48acc8\">\n<li class=\"has-global-color-6-color has-text-color has-link-color wp-elements-197462217000d9c77b4016daac78d0ee\">El\u00e9ment en tunnel pour l&rsquo;accumulation et la dispersion des eaux pluviales<\/li>\n<\/ul>\n<\/div>\n<\/div>\n<\/div>\n\n\n\n<div class=\"wp-block-column has-background is-layout-flow wp-block-column-is-layout-flow\" style=\"border-top-left-radius:11px;border-top-right-radius:11px;border-bottom-left-radius:11px;border-bottom-right-radius:11px;background-color:#119ddb\">\n<h4 class=\"wp-block-heading has-text-align-center has-global-color-1-color has-text-color has-link-color has-large-font-size wp-elements-1f41c32d54a9557d01042e4b81e8256d\">GEOCELL<\/h4>\n\n\n\n<div style=\"height:10px\" aria-hidden=\"true\" class=\"wp-block-spacer\"><\/div>\n\n\n\n<h6 class=\"wp-block-heading has-text-align-center has-global-color-6-color has-text-color has-link-color has-medium-font-size wp-elements-a668f04d88b5a083c309b0a9e8ccbd64\">Infiltration<\/h6>\n\n\n\n<figure class=\"wp-block-image aligncenter size-full is-resized has-custom-border\"><img loading=\"lazy\" decoding=\"async\" width=\"600\" height=\"600\" src=\"https:\/\/dsmat.fr\/wp-content\/uploads\/2026\/01\/Geocell.png\" alt=\"\" class=\"wp-image-1625\" style=\"border-style:none;border-width:0px;width:163px\" srcset=\"https:\/\/dsmat.fr\/wp-content\/uploads\/2026\/01\/Geocell.png 600w, https:\/\/dsmat.fr\/wp-content\/uploads\/2026\/01\/Geocell-300x300.png 300w, https:\/\/dsmat.fr\/wp-content\/uploads\/2026\/01\/Geocell-150x150.png 150w, https:\/\/dsmat.fr\/wp-content\/uploads\/2026\/01\/Geocell-230x230.png 230w, https:\/\/dsmat.fr\/wp-content\/uploads\/2026\/01\/Geocell-350x350.png 350w, https:\/\/dsmat.fr\/wp-content\/uploads\/2026\/01\/Geocell-480x480.png 480w\" sizes=\"auto, (max-width: 600px) 100vw, 600px\" \/><\/figure>\n\n\n\n<div class=\"wp-block-columns is-layout-flex wp-container-core-columns-is-layout-65eef5bf wp-block-columns-is-layout-flex\" style=\"border-top-left-radius:11px;border-top-right-radius:11px;border-bottom-left-radius:11px;border-bottom-right-radius:11px\">\n<div class=\"wp-block-column is-vertically-aligned-center is-layout-flow wp-block-column-is-layout-flow\">\n<ul class=\"wp-block-list has-global-color-9-color has-text-color has-link-color wp-elements-3c5aa3f7cc732d0020f48f0060e412be\">\n<li class=\"has-global-color-6-color has-text-color has-link-color wp-elements-b482b7cfa44e674f149a63ba1d9aa9f5\">El\u00e9ment pour le drainage horizontal<\/li>\n<\/ul>\n<\/div>\n<\/div>\n<\/div>\n<\/div>\n\n\n\n<p><\/p>\n","protected":false},"excerpt":{"rendered":"<p>AQUABOX Stockage ou infiltration ELEVETOR TANK R\u00e9servoir en b\u00e9ton DRENING Grandes surfaces GEOCELL Infiltration<\/p>\n","protected":false},"author":1,"featured_media":0,"parent":0,"menu_order":6,"comment_status":"closed","ping_status":"closed","template":"","meta":{"footnotes":""},"class_list":["post-12","page","type-page","status-publish","hentry"],"_links":{"self":[{"href":"https:\/\/dsmat.fr\/index.php\/wp-json\/wp\/v2\/pages\/12","targetHints":{"allow":["GET"]}}],"collection":[{"href":"https:\/\/dsmat.fr\/index.php\/wp-json\/wp\/v2\/pages"}],"about":[{"href":"https:\/\/dsmat.fr\/index.php\/wp-json\/wp\/v2\/types\/page"}],"author":[{"embeddable":true,"href":"https:\/\/dsmat.fr\/index.php\/wp-json\/wp\/v2\/users\/1"}],"replies":[{"embeddable":true,"href":"https:\/\/dsmat.fr\/index.php\/wp-json\/wp\/v2\/comments?post=12"}],"version-history":[{"count":26,"href":"https:\/\/dsmat.fr\/index.php\/wp-json\/wp\/v2\/pages\/12\/revisions"}],"predecessor-version":[{"id":2397,"href":"https:\/\/dsmat.fr\/index.php\/wp-json\/wp\/v2\/pages\/12\/revisions\/2397"}],"wp:attachment":[{"href":"https:\/\/dsmat.fr\/index.php\/wp-json\/wp\/v2\/media?parent=12"}],"curies":[{"name":"wp","href":"https:\/\/api.w.org\/{rel}","templated":true}]}}